{"id":174,"date":"2024-03-07T23:43:11","date_gmt":"2024-03-07T23:43:11","guid":{"rendered":"https:\/\/fcfm.uas.edu.mx\/?page_id=174"},"modified":"2024-03-07T23:43:11","modified_gmt":"2024-03-07T23:43:11","slug":"presentacion","status":"publish","type":"page","link":"https:\/\/fcfm.uas.edu.mx\/index.php\/presentacion\/","title":{"rendered":"Presentaci\u00f3n"},"content":{"rendered":"\n<p style=\"font-size:20px;font-style:normal;font-weight:300\">La Facultad de Ciencias F\u00edsico-Matem\u00e1ticas tiene como funciones sociales la formaci\u00f3n de profesionales de la F\u00edsica, las Matem\u00e1ticas, Ingenier\u00eda Electr\u00f3nica y Mecatr\u00f3nica altamente competentes y portadores de una cultura humanista; la generaci\u00f3n, aplicaci\u00f3n y divulgaci\u00f3n de conocimientos disciplinarios que contribuyan a la soluci\u00f3n de problemas propios de las actividades de la regi\u00f3n y de otras \u00e1reas de la ciencia, al desarrollo e innovaci\u00f3n tecnol\u00f3gica y por ende al desarrollo sustentable de la entidad y del pa\u00eds.<\/p>\n\n\n\n<p style=\"font-size:20px;font-style:normal;font-weight:300\">Cumple con su funci\u00f3n formadora a trav\u00e9s de la impartici\u00f3n de los programas educativos de la <strong>Licenciatura en Matem\u00e1ticas<\/strong>, la <strong>Licenciatura en F\u00edsica<\/strong>, la <strong>Licenciatura en Ingenier\u00eda Electr\u00f3nica<\/strong> y la <strong>Licenciatura en Mecatr\u00f3nica<\/strong>, y en el nivel de posgrado, la <strong>Maestr\u00eda en F\u00edsica<\/strong> y el <strong>Doctorado en F\u00edsica<\/strong>.<\/p>\n\n\n\n<p style=\"font-size:20px;font-style:normal;font-weight:300\">La Facultad de Ciencias F\u00edsico-Matem\u00e1ticas asume como uno de sus objetivos principales la formaci\u00f3n de profesionales que incursionen en \u00e1reas estrat\u00e9gicas de inter\u00e9s regional y nacional. Que entiendan el c\u00f3mo y el porqu\u00e9 de la problem\u00e1tica que estudian, esto es, los fundamentos te\u00f3rico-metodol\u00f3gicos propios de su disciplina y en algunos casos, el para qu\u00e9, es decir, d\u00f3nde se pueden aplicar, esta cualidad los distingue definitivamente de cualquier otro profesionista.<\/p>\n","protected":false},"excerpt":{"rendered":"<p>La Facultad de Ciencias F\u00edsico-Matem\u00e1ticas tiene como funciones sociales la formaci\u00f3n de profesionales de la F\u00edsica, las Matem\u00e1ticas, Ingenier\u00eda Electr\u00f3nica [&hellip;]<\/p>\n","protected":false},"author":1,"featured_media":0,"parent":0,"menu_order":2,"comment_status":"closed","ping_status":"closed","template":"","meta":{"footnotes":""},"class_list":["post-174","page","type-page","status-publish","hentry"],"_links":{"self":[{"href":"https:\/\/fcfm.uas.edu.mx\/index.php\/wp-json\/wp\/v2\/pages\/174","targetHints":{"allow":["GET"]}}],"collection":[{"href":"https:\/\/fcfm.uas.edu.mx\/index.php\/wp-json\/wp\/v2\/pages"}],"about":[{"href":"https:\/\/fcfm.uas.edu.mx\/index.php\/wp-json\/wp\/v2\/types\/page"}],"author":[{"embeddable":true,"href":"https:\/\/fcfm.uas.edu.mx\/index.php\/wp-json\/wp\/v2\/users\/1"}],"replies":[{"embeddable":true,"href":"https:\/\/fcfm.uas.edu.mx\/index.php\/wp-json\/wp\/v2\/comments?post=174"}],"version-history":[{"count":0,"href":"https:\/\/fcfm.uas.edu.mx\/index.php\/wp-json\/wp\/v2\/pages\/174\/revisions"}],"wp:attachment":[{"href":"https:\/\/fcfm.uas.edu.mx\/index.php\/wp-json\/wp\/v2\/media?parent=174"}],"curies":[{"name":"wp","href":"https:\/\/api.w.org\/{rel}","templated":true}]}}