{"id":196,"date":"2024-03-08T00:20:45","date_gmt":"2024-03-08T00:20:45","guid":{"rendered":"https:\/\/fcfm.uas.edu.mx\/?page_id=196"},"modified":"2024-03-08T00:20:45","modified_gmt":"2024-03-08T00:20:45","slug":"mision-y-vision","status":"publish","type":"page","link":"https:\/\/fcfm.uas.edu.mx\/index.php\/mision-y-vision\/","title":{"rendered":"Misi\u00f3n y Visi\u00f3n"},"content":{"rendered":"\n<p style=\"font-size:20px;font-style:normal;font-weight:300\"><strong>Misi\u00f3n<\/strong> <\/p>\n\n\n\n<p style=\"font-size:20px;font-style:normal;font-weight:300\">Formar profesionales de la F\u00edsica, las Matem\u00e1ticas, la Electr\u00f3nica y la Mecatr\u00f3nica que posean valores de iniciativa, responsabilidad y excelencia, que coadyuven con en el desarrollo cient\u00edfico, tecnol\u00f3gico, econ\u00f3mico y social de la regi\u00f3n y del pa\u00eds, mediante procesos de investigaci\u00f3n, aplicaci\u00f3n y divulgaci\u00f3n de estas ciencias en la soluci\u00f3n de problemas provenientes de otras disciplinas.<\/p>\n\n\n\n<p style=\"font-size:20px;font-style:normal;font-weight:300\"><strong>Visi\u00f3n <\/strong><\/p>\n\n\n\n<p style=\"font-size:20px;font-style:normal;font-weight:300\">La Facultad de Ciencias F\u00edsico-Matem\u00e1ticas oferta programas educativos de licenciatura y posgrado que brindan soporte cient\u00edfico y tecnol\u00f3gico para solucionar problemas de otras disciplinas. Se ha vinculado a otras instituciones educativas, de investigaci\u00f3n y desarrollo tecnol\u00f3gico. La planta docente se encuentra altamente habilitada y participa en cuerpos acad\u00e9micos consolidados, as\u00ed como en acciones de intercambio y movilidad que incluyen a los estudiantes. La calidad de la oferta educativa est\u00e1 reconocida por organismos e instancias externas, y se han certificado procesos acad\u00e9mico-administrativos.<\/p>\n","protected":false},"excerpt":{"rendered":"<p>Misi\u00f3n Formar profesionales de la F\u00edsica, las Matem\u00e1ticas, la Electr\u00f3nica y la Mecatr\u00f3nica que posean valores de iniciativa, responsabilidad y [&hellip;]<\/p>\n","protected":false},"author":1,"featured_media":0,"parent":0,"menu_order":0,"comment_status":"closed","ping_status":"closed","template":"","meta":{"footnotes":""},"class_list":["post-196","page","type-page","status-publish","hentry"],"_links":{"self":[{"href":"https:\/\/fcfm.uas.edu.mx\/index.php\/wp-json\/wp\/v2\/pages\/196","targetHints":{"allow":["GET"]}}],"collection":[{"href":"https:\/\/fcfm.uas.edu.mx\/index.php\/wp-json\/wp\/v2\/pages"}],"about":[{"href":"https:\/\/fcfm.uas.edu.mx\/index.php\/wp-json\/wp\/v2\/types\/page"}],"author":[{"embeddable":true,"href":"https:\/\/fcfm.uas.edu.mx\/index.php\/wp-json\/wp\/v2\/users\/1"}],"replies":[{"embeddable":true,"href":"https:\/\/fcfm.uas.edu.mx\/index.php\/wp-json\/wp\/v2\/comments?post=196"}],"version-history":[{"count":0,"href":"https:\/\/fcfm.uas.edu.mx\/index.php\/wp-json\/wp\/v2\/pages\/196\/revisions"}],"wp:attachment":[{"href":"https:\/\/fcfm.uas.edu.mx\/index.php\/wp-json\/wp\/v2\/media?parent=196"}],"curies":[{"name":"wp","href":"https:\/\/api.w.org\/{rel}","templated":true}]}}