{"id":198,"date":"2024-03-08T00:24:08","date_gmt":"2024-03-08T00:24:08","guid":{"rendered":"https:\/\/fcfm.uas.edu.mx\/?page_id=198"},"modified":"2026-03-11T21:10:02","modified_gmt":"2026-03-11T21:10:02","slug":"directorio","status":"publish","type":"page","link":"https:\/\/fcfm.uas.edu.mx\/index.php\/directorio\/","title":{"rendered":"Directorio"},"content":{"rendered":"\n<p class=\"has-text-align-center\" style=\"font-size:20px;font-style:normal;font-weight:300\"><strong>Dr. Jes\u00fas Madue\u00f1a Molina<br><\/strong>Rector<br><br><strong>Dr. Ren\u00e9 Castro Montoya<br><\/strong>Director de la Facultad de Ciencias F\u00edsico-Matem\u00e1ticas<br><br><strong>MDRH Brenda Karina Araujo Carrillo<br><\/strong>Secretaria Acad\u00e9mica<br><br><strong>LAE Gustavo Armando Jim\u00e9nez Ram\u00edrez<br><\/strong>Secretario Administrativo<br><br><strong>Dr. Cristo Manuel Yee Rend\u00f3n<br><\/strong>Coordinador de Posgrado<br><br><strong>Dr. Roger Jos\u00e9 Hern\u00e1ndez Pinto<br><\/strong>Coordinador de la Licenciatura en F\u00edsica<br><br><strong>MC Humberto Villegas Rodr\u00edguez<br><\/strong>Coordinador de la Licenciatura en Matem\u00e1ticas<br><br><strong>Dr. Carlos Duarte Galv\u00e1n<br><\/strong>Coordinador de la Licenciatura en Ingenier\u00eda Electr\u00f3nica<br><br><strong>Dr. Lauro Armando Contreras Rodr\u00edguez<br><\/strong>Coordinador de la Licenciatura en Ingenier\u00eda Mecatr\u00f3nica<br><br><strong>CP Elisa N\u00fa\u00f1ez Navarrete<br><\/strong>Coodinaci\u00f3n de Control Escolar<br><br><strong>Dr. Roger Jos\u00e9 Hern\u00e1ndez Pinto<\/strong> <br>Coordinaci\u00f3n de Servicio Social<br><br><strong>Psic. In\u00e9s Imelda L\u00f3pez Molinero <br><\/strong>Coordinaci\u00f3n de Tutor\u00edas<\/p>\n","protected":false},"excerpt":{"rendered":"<p>Dr. Jes\u00fas Madue\u00f1a MolinaRector Dr. Ren\u00e9 Castro MontoyaDirector de la Facultad de Ciencias F\u00edsico-Matem\u00e1ticas MDRH Brenda Karina Araujo CarrilloSecretaria Acad\u00e9mica [&hellip;]<\/p>\n","protected":false},"author":1,"featured_media":0,"parent":0,"menu_order":0,"comment_status":"closed","ping_status":"closed","template":"","meta":{"footnotes":""},"class_list":["post-198","page","type-page","status-publish","hentry"],"_links":{"self":[{"href":"https:\/\/fcfm.uas.edu.mx\/index.php\/wp-json\/wp\/v2\/pages\/198","targetHints":{"allow":["GET"]}}],"collection":[{"href":"https:\/\/fcfm.uas.edu.mx\/index.php\/wp-json\/wp\/v2\/pages"}],"about":[{"href":"https:\/\/fcfm.uas.edu.mx\/index.php\/wp-json\/wp\/v2\/types\/page"}],"author":[{"embeddable":true,"href":"https:\/\/fcfm.uas.edu.mx\/index.php\/wp-json\/wp\/v2\/users\/1"}],"replies":[{"embeddable":true,"href":"https:\/\/fcfm.uas.edu.mx\/index.php\/wp-json\/wp\/v2\/comments?post=198"}],"version-history":[{"count":3,"href":"https:\/\/fcfm.uas.edu.mx\/index.php\/wp-json\/wp\/v2\/pages\/198\/revisions"}],"predecessor-version":[{"id":2135,"href":"https:\/\/fcfm.uas.edu.mx\/index.php\/wp-json\/wp\/v2\/pages\/198\/revisions\/2135"}],"wp:attachment":[{"href":"https:\/\/fcfm.uas.edu.mx\/index.php\/wp-json\/wp\/v2\/media?parent=198"}],"curies":[{"name":"wp","href":"https:\/\/api.w.org\/{rel}","templated":true}]}}