{"id":214,"date":"2024-03-08T04:28:08","date_gmt":"2024-03-08T04:28:08","guid":{"rendered":"https:\/\/fcfm.uas.edu.mx\/?page_id=214"},"modified":"2024-03-08T04:28:08","modified_gmt":"2024-03-08T04:28:08","slug":"directorio-2","status":"publish","type":"page","link":"https:\/\/fcfm.uas.edu.mx\/index.php\/directorio-2\/","title":{"rendered":"Contacto"},"content":{"rendered":"\n<p>Direcci\u00f3n<br>Secretar\u00eda Acad\u00e9mica<br>Secretar\u00eda Administrativa<br>Coordinaci\u00f3n de Posgrado<br>Coordinaci\u00f3n de la Licenciatura en F\u00edsica<br>Coordinaci\u00f3n de la Licenciatura en Matem\u00e1ticas<br>Coordinaci\u00f3n de la Licenciatura en Ingenier\u00eda Electr\u00f3nica<br>Coordinaci\u00f3n de la Licenciatura en Mecatr\u00f3nica<br>Coodinaci\u00f3n de Control Escolar<br>Coordinaci\u00f3n de Servicio Social<br>Coordinaci\u00f3n de Tutor\u00edas<\/p>\n","protected":false},"excerpt":{"rendered":"<p>Direcci\u00f3nSecretar\u00eda Acad\u00e9micaSecretar\u00eda AdministrativaCoordinaci\u00f3n de PosgradoCoordinaci\u00f3n de la Licenciatura en F\u00edsicaCoordinaci\u00f3n de la Licenciatura en Matem\u00e1ticasCoordinaci\u00f3n de la Licenciatura en Ingenier\u00eda [&hellip;]<\/p>\n","protected":false},"author":1,"featured_media":0,"parent":0,"menu_order":0,"comment_status":"closed","ping_status":"closed","template":"","meta":{"footnotes":""},"class_list":["post-214","page","type-page","status-publish","hentry"],"_links":{"self":[{"href":"https:\/\/fcfm.uas.edu.mx\/index.php\/wp-json\/wp\/v2\/pages\/214","targetHints":{"allow":["GET"]}}],"collection":[{"href":"https:\/\/fcfm.uas.edu.mx\/index.php\/wp-json\/wp\/v2\/pages"}],"about":[{"href":"https:\/\/fcfm.uas.edu.mx\/index.php\/wp-json\/wp\/v2\/types\/page"}],"author":[{"embeddable":true,"href":"https:\/\/fcfm.uas.edu.mx\/index.php\/wp-json\/wp\/v2\/users\/1"}],"replies":[{"embeddable":true,"href":"https:\/\/fcfm.uas.edu.mx\/index.php\/wp-json\/wp\/v2\/comments?post=214"}],"version-history":[{"count":0,"href":"https:\/\/fcfm.uas.edu.mx\/index.php\/wp-json\/wp\/v2\/pages\/214\/revisions"}],"wp:attachment":[{"href":"https:\/\/fcfm.uas.edu.mx\/index.php\/wp-json\/wp\/v2\/media?parent=214"}],"curies":[{"name":"wp","href":"https:\/\/api.w.org\/{rel}","templated":true}]}}