{"id":222,"date":"2024-03-08T05:04:46","date_gmt":"2024-03-08T05:04:46","guid":{"rendered":"https:\/\/fcfm.uas.edu.mx\/?page_id=222"},"modified":"2024-03-08T05:04:46","modified_gmt":"2024-03-08T05:04:46","slug":"cuerpos-academicos","status":"publish","type":"page","link":"https:\/\/fcfm.uas.edu.mx\/index.php\/cuerpos-academicos\/","title":{"rendered":"Cuerpos Acad\u00e9micos"},"content":{"rendered":"\n<p class=\"has-medium-font-size\" style=\"font-style:normal;font-weight:300\">Nombre del cuerpo acad\u00e9mico: <strong>UAS-CA-26 &#8211; Probabilidad y estad\u00edstica <\/strong><br>A\u00f1o de creaci\u00f3n: <strong>2020 <\/strong><br>Nivel de consolidaci\u00f3n: <strong>En formaci\u00f3n <\/strong><br>LGCA: <strong>Modelaci\u00f3n estoc\u00e1stica <\/strong><br>&#8211; Rocha Arteaga Alfonso <br>LGCA: <strong>Modelaci\u00f3n estad\u00edstica <\/strong><br>&#8211; Castro Montoya Ren\u00e9 <br>&#8211; Jim\u00e9nez Ram\u00edrez Jos\u00e9 Vidal<br>&#8211; Dom\u00ednguez Molina Jes\u00fas Armando <br>&#8211; F\u00e9lix Medina Mart\u00edn Humberto  <br>* Monjard\u00edn Pedro Enrique<br>&#8211; Peraza Garay Felipe De Jes\u00fas <br>&#8211; Russell Noriega Mar\u00eda Guadalupe<\/p>\n\n\n\n<p class=\"has-medium-font-size\">Nombre del cuerpo acad\u00e9mico: <strong>UAS-CA-176 &#8211; Gravitaci\u00f3n, F\u00edsica-Matem\u00e1tica y altas energ\u00edas<\/strong> <br>A\u00f1o de creaci\u00f3n: <strong>2003 <\/strong><br>Nivel de consolidaci\u00f3n: <strong>En formaci\u00f3n<\/strong> <br>LGCA: <strong>Gravitaci\u00f3n <\/strong><br>&#8211; Le\u00f3n Espinoza Edgar Alejandro<br>&#8211; Le\u00f3n Monz\u00f3n Ildefonso<br>&#8211; Nieto Garc\u00eda Juan Antonio <br>LGCA:<strong> Altas energ\u00edas <\/strong><br>&#8211; Le\u00f3n Monz\u00f3n Ildelfonso<br>&#8211; Podesta Lerma Pedro Luis Manuel <\/p>\n\n\n\n<p class=\"has-medium-font-size\">Nombre del cuerpo acad\u00e9mico: <strong>UAS-CA-177 &#8211; F\u00edsica de Materiales<\/strong> <br>A\u00f1o de creaci\u00f3n: <strong>2003 <\/strong><br>Nivel de consolidaci\u00f3n: <strong>En Consolidaci\u00f3n<\/strong> <br>LGCA: <strong>Estructura Electr\u00f3nica <\/strong><br>* Felix Medina Ra\u00fal Enrique<br>LGCA:<strong> Magnetismo <\/strong><br>* Leyva Lucero Manuel Andr\u00e9s<br>&#8211; Meza Aguilar Salvador<br>&#8211; Ibarra Armenta Jos\u00e9 Guadalupe<\/p>\n\n\n\n<p class=\"has-medium-font-size\">Nombre del cuerpo acad\u00e9mico: <strong>UAS-CA-290-Materiales: S\u00edntesis y an\u00e1lisis de sus propiedades \u00f3pticas y electr\u00f3nicas <\/strong><br>A\u00f1o de creaci\u00f3n: <strong>2015 <\/strong><br>Nivel de consolidaci\u00f3n: <strong>En consolidaci\u00f3n <\/strong><br>LGCA: <strong>Polarimetr\u00eda<\/strong><br>&#8211; Atondo Rubio Gelacio<br>LGCA: <strong>Espectroscopia \u00d3ptica UV-MIR<\/strong><br>&#8211; Atondo Rubio Gelacio<br>&#8211; Ramos Brito Francisco<br>&#8211; Yee Rend\u00f3n Cristo Manuel <br>LGCA: <strong>S\u00edntesis de materiales funcionales mediante t\u00e9cnicas de bajo costo y escalables a nivel industrial <\/strong><br>&#8211; Ramos Brito Francisco<br>LGCA: <strong>Propiedades \u00f3pticas y electr\u00f3nicas de materiales <\/strong><br>&#8211; Yee Rend\u00f3n Cristo Manuel<br>LGCA: <strong>Instrumentaci\u00f3n y procesamiento digital de se\u00f1ales  <\/strong><br>&#8211; Mill\u00e1n Almaraz Jes\u00fas Roberto <\/p>\n\n\n\n<p class=\"has-medium-font-size\">Nombre del cuerpo acad\u00e9mico: <strong>UAS-CA-300-F\u00edsica Aplicada <\/strong><br>A\u00f1o de creaci\u00f3n: <strong>2017 <\/strong><br>Nivel de consolidaci\u00f3n: <strong>En formaci\u00f3n <\/strong><br>LGCA: <strong>Enfriamiento l\u00e1ser de \u00e1tomos y micro-resonadores mec\u00e1nicos, optomec\u00e1nica cu\u00e1ntica y \u00f3ptica cu\u00e1ntica. <\/strong> <br>LGCA: <strong>Meteor\u00edtica <\/strong><br>LGCA: <strong>F\u00edsica Aplicada <\/strong><br>&#8211; Valenzuela J\u00edmenez V\u00edctor Manuel<br>&#8211; Moraila Mart\u00ednez Carmen Luc\u00eda<br>&#8211; Ter\u00e1n Bobadilla Emiliano <\/p>\n\n\n\n<p class=\"has-medium-font-size\" style=\"font-style:normal;font-weight:300\">Nombre del cuerpo acad\u00e9mico: <strong>UAS-CA-317-Frontera de la f\u00edsica de precisi\u00f3n e instrumentaci\u00f3n electr\u00f3nica <\/strong><br>A\u00f1o de creaci\u00f3n: <strong>2022 <\/strong><br>Nivel de consolidaci\u00f3n: <strong>En formaci\u00f3n <\/strong><br>LGCA: <strong>Fenomenolog\u00eda de part\u00edculas elementales<\/strong><br>LGCA: <strong>Ingenier\u00eda f\u00edsica, instrumentaci\u00f3n y aceleradores<\/strong><br>LGCA: <strong>Detectores de radiaci\u00f3n <\/strong><br>&#8211; Carlos Duarte Galv\u00e1n <br>&#8211; Lucina Gabriela Espinoza Beltr\u00e1n <br>&#8211; Roger Jos\u00e9 Hern\u00e1ndez Pinto <br>&#8211; Ildefonso Le\u00f3n Monz\u00f3n<br>&#8211; Cristhian Alfonso Valerio Liz\u00e1rraga <br><br><\/p>\n","protected":false},"excerpt":{"rendered":"<p>Nombre del cuerpo acad\u00e9mico: UAS-CA-26 &#8211; Probabilidad y estad\u00edstica A\u00f1o de creaci\u00f3n: 2020 Nivel de consolidaci\u00f3n: En formaci\u00f3n LGCA: Modelaci\u00f3n [&hellip;]<\/p>\n","protected":false},"author":1,"featured_media":0,"parent":0,"menu_order":0,"comment_status":"closed","ping_status":"closed","template":"","meta":{"footnotes":""},"class_list":["post-222","page","type-page","status-publish","hentry"],"_links":{"self":[{"href":"https:\/\/fcfm.uas.edu.mx\/index.php\/wp-json\/wp\/v2\/pages\/222","targetHints":{"allow":["GET"]}}],"collection":[{"href":"https:\/\/fcfm.uas.edu.mx\/index.php\/wp-json\/wp\/v2\/pages"}],"about":[{"href":"https:\/\/fcfm.uas.edu.mx\/index.php\/wp-json\/wp\/v2\/types\/page"}],"author":[{"embeddable":true,"href":"https:\/\/fcfm.uas.edu.mx\/index.php\/wp-json\/wp\/v2\/users\/1"}],"replies":[{"embeddable":true,"href":"https:\/\/fcfm.uas.edu.mx\/index.php\/wp-json\/wp\/v2\/comments?post=222"}],"version-history":[{"count":0,"href":"https:\/\/fcfm.uas.edu.mx\/index.php\/wp-json\/wp\/v2\/pages\/222\/revisions"}],"wp:attachment":[{"href":"https:\/\/fcfm.uas.edu.mx\/index.php\/wp-json\/wp\/v2\/media?parent=222"}],"curies":[{"name":"wp","href":"https:\/\/api.w.org\/{rel}","templated":true}]}}