{"id":234,"date":"2024-03-08T12:09:08","date_gmt":"2024-03-08T12:09:08","guid":{"rendered":"https:\/\/fcfm.uas.edu.mx\/?page_id=234"},"modified":"2026-03-11T21:53:29","modified_gmt":"2026-03-11T21:53:29","slug":"academias","status":"publish","type":"page","link":"https:\/\/fcfm.uas.edu.mx\/index.php\/academias\/","title":{"rendered":"Academias"},"content":{"rendered":"\n<p style=\"font-size:20px;font-style:normal;font-weight:300\"><strong>Actividades que realizan<\/strong><\/p>\n\n\n\n<ul class=\"wp-block-list\">\n<li style=\"font-size:20px;font-style:normal;font-weight:300\">Revisi\u00f3n y actualizaci\u00f3n de programas de unidad de aprendizaje.<\/li>\n\n\n\n<li style=\"font-size:20px;font-style:normal;font-weight:300\">Revisi\u00f3n del plan de desarrollo de programa educativo de electr\u00f3nica.<\/li>\n\n\n\n<li style=\"font-size:20px;font-style:normal;font-weight:300\">Dise\u00f1o y organizaci\u00f3n de pr\u00e1cticas de laboratorio.<\/li>\n\n\n\n<li style=\"font-size:20px;font-style:normal;font-weight:300\">Organizaci\u00f3n de la feria de proyectos de electr\u00f3nica.<\/li>\n\n\n\n<li style=\"font-size:20px;font-style:normal;font-weight:300\">Revisi\u00f3n de propuestas de proyectos interdisciplinarios para presentaci\u00f3n en la feria de electr\u00f3nica.<\/li>\n\n\n\n<li style=\"font-size:20px;font-style:normal;font-weight:300\">Revisi\u00f3n de opciones de servicio social, pr\u00e1cticas profesionales y servicio social.<\/li>\n\n\n\n<li style=\"font-size:20px;font-style:normal;font-weight:300\">mensual<\/li>\n\n\n\n<li style=\"font-size:20px;font-style:normal;font-weight:300\">Docencia, Investigaci\u00f3n y Divulgaci\u00f3n<\/li>\n<\/ul>\n\n\n\n<p style=\"font-size:20px;font-style:normal;font-weight:300\"><strong>Academia de Matem\u00e1ticas <br><\/strong>Dr. Ren\u00e9 Castro Montoya<br>Dr. Jes\u00fas Armando Dom\u00ednguez Molina<br>Dr. Mart\u00edn Humberto F\u00e9lix Medina<br>Dr. Marco Tulio Gaxiola Leyva<br>Dr. Jos\u00e9 \u00c1ngel Islas Anguiano<br>Dr. Jos\u00e9 Vidal Jim\u00e9nez Ram\u00edrez<br>Dr. Felipe de Jes\u00fas Peraza Garay<br>Dra. Mar\u00eda Guadalupe Russell Noriega<br>MC. Mart\u00edn Zavala Le\u00f3n<br>Dra. Norma Selomit Ram\u00edrez Uribe<\/p>\n\n\n\n<p class=\"has-medium-font-size\"><strong>Academia de F\u00edsica<\/strong><br>Dra. Isabel Dom\u00edguez Jim\u00e9nez<br>Dr. Roger Jos\u00e9 Hern\u00e1ndez Pinto<br>Dr. Jos\u00e9 Guadalupe Ibarra Armenta<br>Dr. Edgar Alejandro Le\u00f3n Espinoza<br>Dr. Ildelfonso Le\u00f3n Monz\u00f3n<br>Dr. Salvador Meza Aguilar<br>Dr. Jes\u00fas Joel Molina Duarte<br>Dr. Pedro Luis Manuel Podesta Lerma<br>Dr. Francisco Ramos Brito<br>Dr. Fernando Javier S\u00e1nchez Rodr\u00edguez<br>Dr. Emiliano Ter\u00e1n Bobadilla<br>Dr. V\u00edctor Manuel Valenzuela Jim\u00e9nez<br>Dr. Cristhian Alfonso Valerio Liz\u00e1rraga<br>Dr. Cristo Manuel Yee Rend\u00f3n<\/p>\n\n\n\n<p class=\"has-medium-font-size\"><strong>Academia de Ingenier\u00edas<\/strong><br>Dr. Carlos Duarte Galv\u00e1n<br>Dra. Lucina Gabriela Espinoza Beltr\u00e1n<br>Dr. Jes\u00fas Roberto Mill\u00e1n Almaraz<br>Dra. Topacio Osuna Altamirano<br>Dr. Lauro Armando Contreras Rodr\u00edguez<br>Dr. Jos\u00e9 Carlos Dom\u00ednguez Lozoya<br>Dr. Carlos Alberto Mart\u00ednez F\u00e9lix<br>Dr. David Roberto Dom\u00ednguez Lozoya<br>Dra. \u00c1ngela Melgarejo Morales<br><\/p>\n\n\n\n<p><\/p>\n\n\n\n<p><\/p>\n","protected":false},"excerpt":{"rendered":"<p>Actividades que realizan Academia de Matem\u00e1ticas Dr. Ren\u00e9 Castro MontoyaDr. Jes\u00fas Armando Dom\u00ednguez MolinaDr. Mart\u00edn Humberto F\u00e9lix MedinaDr. Marco Tulio [&hellip;]<\/p>\n","protected":false},"author":1,"featured_media":0,"parent":0,"menu_order":0,"comment_status":"closed","ping_status":"closed","template":"","meta":{"footnotes":""},"class_list":["post-234","page","type-page","status-publish","hentry"],"_links":{"self":[{"href":"https:\/\/fcfm.uas.edu.mx\/index.php\/wp-json\/wp\/v2\/pages\/234","targetHints":{"allow":["GET"]}}],"collection":[{"href":"https:\/\/fcfm.uas.edu.mx\/index.php\/wp-json\/wp\/v2\/pages"}],"about":[{"href":"https:\/\/fcfm.uas.edu.mx\/index.php\/wp-json\/wp\/v2\/types\/page"}],"author":[{"embeddable":true,"href":"https:\/\/fcfm.uas.edu.mx\/index.php\/wp-json\/wp\/v2\/users\/1"}],"replies":[{"embeddable":true,"href":"https:\/\/fcfm.uas.edu.mx\/index.php\/wp-json\/wp\/v2\/comments?post=234"}],"version-history":[{"count":2,"href":"https:\/\/fcfm.uas.edu.mx\/index.php\/wp-json\/wp\/v2\/pages\/234\/revisions"}],"predecessor-version":[{"id":2141,"href":"https:\/\/fcfm.uas.edu.mx\/index.php\/wp-json\/wp\/v2\/pages\/234\/revisions\/2141"}],"wp:attachment":[{"href":"https:\/\/fcfm.uas.edu.mx\/index.php\/wp-json\/wp\/v2\/media?parent=234"}],"curies":[{"name":"wp","href":"https:\/\/api.w.org\/{rel}","templated":true}]}}