{"id":237,"date":"2024-03-08T12:24:54","date_gmt":"2024-03-08T12:24:54","guid":{"rendered":"https:\/\/fcfm.uas.edu.mx\/?page_id=237"},"modified":"2026-03-11T21:49:28","modified_gmt":"2026-03-11T21:49:28","slug":"planta-docente","status":"publish","type":"page","link":"https:\/\/fcfm.uas.edu.mx\/index.php\/planta-docente\/","title":{"rendered":"Planta docente"},"content":{"rendered":"\n<figure class=\"wp-block-table is-style-regular\" style=\"font-size:20px;font-style:normal;font-weight:300\"><table><tbody><tr><td><strong>Nombre<\/strong><\/td><td class=\"has-text-align-center\" data-align=\"center\"><strong>Nombramiento<\/strong><\/td><td><strong>SNI<\/strong><\/td><td><strong>PRODEP<\/strong><\/td><td><strong>CONFIE<\/strong><\/td><td class=\"has-text-align-center\" data-align=\"center\"><strong>Proyecto<\/strong><\/td><\/tr><tr><td>Daniela Alcaraz Ochoa<\/td><td class=\"has-text-align-center\" data-align=\"center\">Asignatura<\/td><td>Candidata<\/td><td>&#8211;<\/td><td>&#8211;<\/td><td class=\"has-text-align-center\" data-align=\"center\"><\/td><\/tr><tr><td>Brenda Karina Araujo Carrillo<\/td><td class=\"has-text-align-center\" data-align=\"center\">Asignatura<\/td><td>&#8211;<\/td><td>&#8211;<\/td><td>&#8211;<\/td><td class=\"has-text-align-center\" data-align=\"center\"><\/td><\/tr><tr><td>Ren\u00e9 Castro Montoya<\/td><td class=\"has-text-align-center\" data-align=\"center\">PITC<\/td><td>&#8211;<\/td><td>Si<\/td><td>Investigador<\/td><td class=\"has-text-align-center\" data-align=\"center\"><\/td><\/tr><tr><td>Lauro Armando Contreras Rodr\u00edguez<\/td><td class=\"has-text-align-center\" data-align=\"center\">PITC<\/td><td>Candidato<\/td><td>Si<\/td><td>Investigador Honor\u00edfico<\/td><td class=\"has-text-align-center\" data-align=\"center\"><\/td><\/tr><tr><td>Isabel Dom\u00ednguez Jim\u00e9nez<\/td><td class=\"has-text-align-center\" data-align=\"center\">PITC<\/td><td>Nivel II<\/td><td>Si<\/td><td>Investigadora Honor\u00edfica<\/td><td class=\"has-text-align-center\" data-align=\"center\"><\/td><\/tr><tr><td>Jos\u00e9 Carlos Dom\u00ednguez Lozoya<\/td><td class=\"has-text-align-center\" data-align=\"center\">Contrataci\u00f3n transitoria<\/td><td>Candidato<\/td><td>&#8211;<\/td><td>Investigador Honor\u00edfico<\/td><td class=\"has-text-align-center\" data-align=\"center\"><\/td><\/tr><tr><td>Jes\u00fas Armando Dom\u00ednguez Molina<\/td><td class=\"has-text-align-center\" data-align=\"center\">PITC<\/td><td>&#8211;<\/td><td>&#8211;<\/td><td>Investigador Honor\u00edfico<\/td><td class=\"has-text-align-center\" data-align=\"center\"><\/td><\/tr><tr><td>Mart\u00edn Humberto F\u00e9lix Medina<\/td><td class=\"has-text-align-center\" data-align=\"center\">PITC<\/td><td>&#8211;<\/td><td>&#8211;<\/td><td>&#8211;<\/td><td class=\"has-text-align-center\" data-align=\"center\"><\/td><\/tr><tr><td>Carlos Duarte Galv\u00e1n<\/td><td class=\"has-text-align-center\" data-align=\"center\">PITC<\/td><td>Nivel II<\/td><td>Si<\/td><td>Investigador Honor\u00edfico<\/td><td class=\"has-text-align-center\" data-align=\"center\"><\/td><\/tr><tr><td>Lucina Gabriela Espinoza Beltr\u00e1n <\/td><td class=\"has-text-align-center\" data-align=\"center\">PITC<\/td><td>Candidata<\/td><td>Si<\/td><td>Investigadora Honor\u00edfica<\/td><td class=\"has-text-align-center\" data-align=\"center\"><\/td><\/tr><tr><td>Marco Tulio Gaxiola Leyva<\/td><td class=\"has-text-align-center\" data-align=\"center\">PITC<\/td><td>&#8211;<\/td><td>&#8211;<\/td><td>&#8211;<\/td><td class=\"has-text-align-center\" data-align=\"center\"><\/td><\/tr><tr><td>Roger Jos\u00e9 Hern\u00e1ndez Pinto<\/td><td class=\"has-text-align-center\" data-align=\"center\">PITC<\/td><td>Nivel II<\/td><td>Si<\/td><td>Investigador Honor\u00edfico<\/td><td class=\"has-text-align-center\" data-align=\"center\">Divulgador de Ciencia Titular<\/td><\/tr><tr><td>Jos\u00e9 Guadalupe Ibarra Armenta<\/td><td class=\"has-text-align-center\" data-align=\"center\">PITC<\/td><td>&#8211;<\/td><td>&#8211;<\/td><td>Investigador<\/td><td class=\"has-text-align-center\" data-align=\"center\"><\/td><\/tr><tr><td>Jos\u00e9 \u00c1ngel Islas Anguiano<\/td><td class=\"has-text-align-center\" data-align=\"center\">PITC<\/td><td>&#8211;<\/td><td>&#8211;<\/td><td>&#8211;<\/td><td class=\"has-text-align-center\" data-align=\"center\"><\/td><\/tr><tr><td>Jos\u00e9 Vidal Jim\u00e9nez Ram\u00edrez<\/td><td class=\"has-text-align-center\" data-align=\"center\">PITC<\/td><td>&#8211;<\/td><td>Si<\/td><td>Investigador<\/td><td class=\"has-text-align-center\" data-align=\"center\"><\/td><\/tr><tr><td>Edgar Alejandro Le\u00f3n Espinoza<\/td><td class=\"has-text-align-center\" data-align=\"center\">PITC<\/td><td>Nivel I<\/td><td>&#8211;<\/td><td>Investigador<\/td><td class=\"has-text-align-center\" data-align=\"center\"><\/td><\/tr><tr><td>Ildelfonso Le\u00f3n Monz\u00f3n<\/td><td class=\"has-text-align-center\" data-align=\"center\">PITC<\/td><td>Nivel III<\/td><td>Si<\/td><td>Investigador Honor\u00edfico<\/td><td class=\"has-text-align-center\" data-align=\"center\"><\/td><\/tr><tr><td>Carlos Alberto Mart\u00ednez F\u00e9lix<\/td><td class=\"has-text-align-center\" data-align=\"center\">Contrato Transitorio<\/td><td>Candidato<\/td><td>&#8211;<\/td><td>&#8211;<\/td><td class=\"has-text-align-center\" data-align=\"center\"><\/td><\/tr><tr><td>Salvador Meza Aguilar<\/td><td class=\"has-text-align-center\" data-align=\"center\">PITC<\/td><td>Nivel I<\/td><td>Si<\/td><td>Investigador Honor\u00edfico<\/td><td class=\"has-text-align-center\" data-align=\"center\"><\/td><\/tr><tr><td>Jes\u00fas Roberto Mill\u00e1n Almaraz<\/td><td class=\"has-text-align-center\" data-align=\"center\">PITC<\/td><td>Nivel I<\/td><td>Si<\/td><td>Investigador Honor\u00edfico<\/td><td class=\"has-text-align-center\" data-align=\"center\"><\/td><\/tr><tr><td>Jes\u00fas Joel Molina Duarte<\/td><td class=\"has-text-align-center\" data-align=\"center\">PITC<\/td><td>&#8211;<\/td><td>Si<\/td><td>&#8211;<\/td><td class=\"has-text-align-center\" data-align=\"center\"><\/td><\/tr><tr><td>Thelma Berenice Monroy Esquivel<\/td><td class=\"has-text-align-center\" data-align=\"center\">Asignatura<\/td><td>&#8211;<\/td><td>&#8211;<\/td><td>&#8211;<\/td><td class=\"has-text-align-center\" data-align=\"center\"><\/td><\/tr><tr><td>Carmen Luc\u00eda Moraila Mart\u00ednez<\/td><td class=\"has-text-align-center\" data-align=\"center\">PITC<\/td><td>Nivel I<\/td><td>Si<\/td><td>Investigador Honor\u00edfico<\/td><td class=\"has-text-align-center\" data-align=\"center\"><\/td><\/tr><tr><td>Topacio Osuna Altamirano<\/td><td class=\"has-text-align-center\" data-align=\"center\">PITC<\/td><td>&#8211;<\/td><td>&#8211;<\/td><td>&#8211;<\/td><td class=\"has-text-align-center\" data-align=\"center\"><\/td><\/tr><tr><td>Felipe De Jes\u00fas Peraza Garay<\/td><td class=\"has-text-align-center\" data-align=\"center\">PITC<\/td><td>Nivel I<\/td><td>Si<\/td><td>Investigador Honor\u00edfico<\/td><td class=\"has-text-align-center\" data-align=\"center\"><\/td><\/tr><tr><td>Pedro Luis Manuel Podesta Lerma<\/td><td class=\"has-text-align-center\" data-align=\"center\">PITC<\/td><td>Nivel II<\/td><td>Si<\/td><td>Investigador Honor\u00edfico<\/td><td class=\"has-text-align-center\" data-align=\"center\"><\/td><\/tr><tr><td>Norma Selomit Ram\u00edrez Uribe<\/td><td class=\"has-text-align-center\" data-align=\"center\">Contrataci\u00f3n Transitoria<\/td><td>Nivel I<\/td><td>&#8211;<\/td><td>&#8211;<\/td><td class=\"has-text-align-center\" data-align=\"center\"><\/td><\/tr><tr><td>Francisco Ramos Brito<\/td><td class=\"has-text-align-center\" data-align=\"center\">PITC<\/td><td>Nivel I<\/td><td>Si<\/td><td>&#8211;<\/td><td class=\"has-text-align-center\" data-align=\"center\"><\/td><\/tr><tr><td>Emmanuel Guillermo Rojas M\u00e1rquez<\/td><td class=\"has-text-align-center\" data-align=\"center\">Asignatura<\/td><td>&#8211;<\/td><td>&#8211;<\/td><td>&#8211;<\/td><td class=\"has-text-align-center\" data-align=\"center\"><\/td><\/tr><tr><td>Mar\u00eda Guadalupe Russell Noriega<\/td><td class=\"has-text-align-center\" data-align=\"center\">PITC<\/td><td>&#8211;<\/td><td>&#8211;<\/td><td>Investigadora<\/td><td class=\"has-text-align-center\" data-align=\"center\"><\/td><\/tr><tr><td>Fernando Javier S\u00e1nchez Rodr\u00edguez<\/td><td class=\"has-text-align-center\" data-align=\"center\">PITC<\/td><td>Nivel I<\/td><td>Si<\/td><td>Investigador Honor\u00edfico<\/td><td class=\"has-text-align-center\" data-align=\"center\"><\/td><\/tr><tr><td>Emiliano Ter\u00e1n Bobadilla<\/td><td class=\"has-text-align-center\" data-align=\"center\">PITC<\/td><td>Nivel I<\/td><td>Si<\/td><td>Investigador Honor\u00edfico<\/td><td class=\"has-text-align-center\" data-align=\"center\">Divulgador de Ciencia Titular<\/td><\/tr><tr><td>V\u00edctor Manuel Valenzuela Jim\u00e9nez<\/td><td class=\"has-text-align-center\" data-align=\"center\">PITC<\/td><td>Nivel I<\/td><td>Si<\/td><td>&#8211;<\/td><td class=\"has-text-align-center\" data-align=\"center\"><\/td><\/tr><tr><td>Cristhian Alfonso Valerio Liz\u00e1rraga<\/td><td class=\"has-text-align-center\" data-align=\"center\">PITC<\/td><td>Nivel I<\/td><td>Si<\/td><td>Investigador Honor\u00edfico<\/td><td class=\"has-text-align-center\" data-align=\"center\"><\/td><\/tr><tr><td>Cristo Manuel Yee Rend\u00f3n<\/td><td class=\"has-text-align-center\" data-align=\"center\">PITC<\/td><td>Nivel I<\/td><td>Si<\/td><td>Investigador Honor\u00edfico<\/td><td class=\"has-text-align-center\" data-align=\"center\"><\/td><\/tr><tr><td>Mart\u00edn Zavala Le\u00f3n<\/td><td class=\"has-text-align-center\" data-align=\"center\">PITC<\/td><td>&#8211;<\/td><td>&#8211;<\/td><td>&#8211;<\/td><td class=\"has-text-align-center\" data-align=\"center\"><\/td><\/tr><\/tbody><\/table><\/figure>\n","protected":false},"excerpt":{"rendered":"<p>Nombre Nombramiento SNI PRODEP CONFIE Proyecto Daniela Alcaraz Ochoa Asignatura Candidata &#8211; &#8211; Brenda Karina Araujo Carrillo Asignatura &#8211; &#8211; [&hellip;]<\/p>\n","protected":false},"author":1,"featured_media":0,"parent":0,"menu_order":0,"comment_status":"closed","ping_status":"closed","template":"","meta":{"footnotes":""},"class_list":["post-237","page","type-page","status-publish","hentry"],"_links":{"self":[{"href":"https:\/\/fcfm.uas.edu.mx\/index.php\/wp-json\/wp\/v2\/pages\/237","targetHints":{"allow":["GET"]}}],"collection":[{"href":"https:\/\/fcfm.uas.edu.mx\/index.php\/wp-json\/wp\/v2\/pages"}],"about":[{"href":"https:\/\/fcfm.uas.edu.mx\/index.php\/wp-json\/wp\/v2\/types\/page"}],"author":[{"embeddable":true,"href":"https:\/\/fcfm.uas.edu.mx\/index.php\/wp-json\/wp\/v2\/users\/1"}],"replies":[{"embeddable":true,"href":"https:\/\/fcfm.uas.edu.mx\/index.php\/wp-json\/wp\/v2\/comments?post=237"}],"version-history":[{"count":1,"href":"https:\/\/fcfm.uas.edu.mx\/index.php\/wp-json\/wp\/v2\/pages\/237\/revisions"}],"predecessor-version":[{"id":2139,"href":"https:\/\/fcfm.uas.edu.mx\/index.php\/wp-json\/wp\/v2\/pages\/237\/revisions\/2139"}],"wp:attachment":[{"href":"https:\/\/fcfm.uas.edu.mx\/index.php\/wp-json\/wp\/v2\/media?parent=237"}],"curies":[{"name":"wp","href":"https:\/\/api.w.org\/{rel}","templated":true}]}}