{"id":259,"date":"2024-03-08T12:37:14","date_gmt":"2024-03-08T12:37:14","guid":{"rendered":"https:\/\/fcfm.uas.edu.mx\/?page_id=259"},"modified":"2026-03-11T21:46:34","modified_gmt":"2026-03-11T21:46:34","slug":"h-consejo-tecnico","status":"publish","type":"page","link":"https:\/\/fcfm.uas.edu.mx\/index.php\/h-consejo-tecnico\/","title":{"rendered":"H. Consejo T\u00e9cnico"},"content":{"rendered":"\n<p>Listado de Consejeros T\u00e9cnicos pertenecientes al Ciclo 2025-2028<\/p>\n\n\n\n<figure class=\"wp-block-table\"><table><tbody><tr><td>Dr. Ren\u00e9 Castro Montoya<br><strong>Presidente<\/strong><\/td><td><\/td><td><\/td><\/tr><tr><td>Dr. Jes\u00fas Armando Dom\u00ednguez Molina<br><strong>Titular por 1er grado. Profesor<\/strong><\/td><td><\/td><td>C. \u00c1ngela Mar\u00eda Flores Ru\u00edz<br><strong>Titular por 1er grado. Alumna<\/strong><\/td><\/tr><tr><td>Dra. Topacio Osuna Altamirano<br><strong>Titular por 2do grado. Profesora<\/strong><\/td><td><\/td><td>C. Sa\u00fal Haro Pardo<br><strong>Titular por 2do grado. Alumno<\/strong><\/td><\/tr><tr><td>Dra. Lucina Gabriela Espinoza Beltr\u00e1n<br><strong>Titular de 3er grado. Profesora<\/strong><\/td><td><\/td><td>C. Citlaly Guadalupe Germ\u00e1n S\u00e1nchez<br><strong>Titular por 3er grado. Alumna<\/strong><\/td><\/tr><tr><td>Dr. Jes\u00fas Roberto Mill\u00e1n Almaraz<br><strong>Titular de 4to grado. Profesor<\/strong><\/td><td><\/td><td>C. Jes\u00fas Armando L\u00f3pez Camacho<br><strong>Titular por 4to grado. Alumno<\/strong><\/td><\/tr><tr><td>Dr. Jos\u00e9 \u00c1ngel Islas Anguiano<br><strong>Titular de 5to grado. Profesor<\/strong><\/td><td><\/td><td>C. Farid Jair Fitch Machado<br><strong>Titular por 5to grado. Alumno<\/strong><\/td><\/tr><tr><td>Dr. Ildefonso Le\u00f3n Monz\u00f3n<br><strong>Titular de Posgrado.\u00a0Profesor<\/strong><\/td><td><\/td><td>L.F. Jorge Torres Ramos<br><strong>Titular por Posgrado. Alumno<\/strong><\/td><\/tr><\/tbody><\/table><\/figure>\n","protected":false},"excerpt":{"rendered":"<p>Listado de Consejeros T\u00e9cnicos pertenecientes al Ciclo 2025-2028 Dr. Ren\u00e9 Castro MontoyaPresidente Dr. Jes\u00fas Armando Dom\u00ednguez MolinaTitular por 1er grado. [&hellip;]<\/p>\n","protected":false},"author":1,"featured_media":0,"parent":0,"menu_order":0,"comment_status":"closed","ping_status":"closed","template":"","meta":{"footnotes":""},"class_list":["post-259","page","type-page","status-publish","hentry"],"_links":{"self":[{"href":"https:\/\/fcfm.uas.edu.mx\/index.php\/wp-json\/wp\/v2\/pages\/259","targetHints":{"allow":["GET"]}}],"collection":[{"href":"https:\/\/fcfm.uas.edu.mx\/index.php\/wp-json\/wp\/v2\/pages"}],"about":[{"href":"https:\/\/fcfm.uas.edu.mx\/index.php\/wp-json\/wp\/v2\/types\/page"}],"author":[{"embeddable":true,"href":"https:\/\/fcfm.uas.edu.mx\/index.php\/wp-json\/wp\/v2\/users\/1"}],"replies":[{"embeddable":true,"href":"https:\/\/fcfm.uas.edu.mx\/index.php\/wp-json\/wp\/v2\/comments?post=259"}],"version-history":[{"count":3,"href":"https:\/\/fcfm.uas.edu.mx\/index.php\/wp-json\/wp\/v2\/pages\/259\/revisions"}],"predecessor-version":[{"id":2138,"href":"https:\/\/fcfm.uas.edu.mx\/index.php\/wp-json\/wp\/v2\/pages\/259\/revisions\/2138"}],"wp:attachment":[{"href":"https:\/\/fcfm.uas.edu.mx\/index.php\/wp-json\/wp\/v2\/media?parent=259"}],"curies":[{"name":"wp","href":"https:\/\/api.w.org\/{rel}","templated":true}]}}