{"id":277,"date":"2024-03-08T12:44:47","date_gmt":"2024-03-08T12:44:47","guid":{"rendered":"https:\/\/fcfm.uas.edu.mx\/?page_id=277"},"modified":"2026-05-05T03:01:54","modified_gmt":"2026-05-05T03:01:54","slug":"laboratorios","status":"publish","type":"page","link":"https:\/\/fcfm.uas.edu.mx\/index.php\/laboratorios\/","title":{"rendered":"Laboratorios"},"content":{"rendered":"\n<details class=\"wp-block-details is-layout-flow wp-block-details-is-layout-flow\" style=\"font-size:22px;font-style:normal;font-weight:300\"><summary>Laboratorio de Electr\u00f3nica Anal\u00f3gica<\/summary>\n<figure class=\"wp-block-image size-large\"><img loading=\"lazy\" decoding=\"async\" width=\"1024\" height=\"576\" src=\"https:\/\/fcfm.uas.edu.mx\/wp-content\/uploads\/2026\/04\/lab1-1024x576.jpg\" alt=\"\" class=\"wp-image-2282\" srcset=\"https:\/\/fcfm.uas.edu.mx\/wp-content\/uploads\/2026\/04\/lab1-1024x576.jpg 1024w, https:\/\/fcfm.uas.edu.mx\/wp-content\/uploads\/2026\/04\/lab1-300x169.jpg 300w, https:\/\/fcfm.uas.edu.mx\/wp-content\/uploads\/2026\/04\/lab1-768x432.jpg 768w, https:\/\/fcfm.uas.edu.mx\/wp-content\/uploads\/2026\/04\/lab1-1536x864.jpg 1536w, https:\/\/fcfm.uas.edu.mx\/wp-content\/uploads\/2026\/04\/lab1.jpg 1600w\" sizes=\"auto, (max-width: 1024px) 100vw, 1024px\" \/><\/figure>\n\n\n\n<p><a href=\"https:\/\/fcfm.uas.edu.mx\/wp-content\/uploads\/2026\/04\/Reglamento-de-seguridad-electrica.pdf\" target=\"_blank\" rel=\"noreferrer noopener\">Reglamento<\/a><\/p>\n<\/details>\n\n\n\n<details class=\"wp-block-details is-layout-flow wp-block-details-is-layout-flow\" style=\"font-size:22px;font-style:normal;font-weight:300\"><summary>Laboratorio de Automatizaci\u00f3n<\/summary>\n<figure class=\"wp-block-gallery has-nested-images columns-default is-cropped wp-block-gallery-1 is-layout-flex wp-block-gallery-is-layout-flex\">\n<figure class=\"wp-block-image size-large\"><img loading=\"lazy\" decoding=\"async\" width=\"1024\" height=\"576\" data-id=\"2285\" src=\"https:\/\/fcfm.uas.edu.mx\/wp-content\/uploads\/2026\/04\/lab2-1024x576.jpg\" alt=\"\" class=\"wp-image-2285\" srcset=\"https:\/\/fcfm.uas.edu.mx\/wp-content\/uploads\/2026\/04\/lab2-1024x576.jpg 1024w, https:\/\/fcfm.uas.edu.mx\/wp-content\/uploads\/2026\/04\/lab2-300x169.jpg 300w, https:\/\/fcfm.uas.edu.mx\/wp-content\/uploads\/2026\/04\/lab2-768x432.jpg 768w, https:\/\/fcfm.uas.edu.mx\/wp-content\/uploads\/2026\/04\/lab2-1536x864.jpg 1536w, https:\/\/fcfm.uas.edu.mx\/wp-content\/uploads\/2026\/04\/lab2.jpg 1600w\" sizes=\"auto, (max-width: 1024px) 100vw, 1024px\" \/><\/figure>\n\n\n\n<figure class=\"wp-block-image size-large\"><img loading=\"lazy\" decoding=\"async\" width=\"1024\" height=\"576\" data-id=\"2284\" src=\"https:\/\/fcfm.uas.edu.mx\/wp-content\/uploads\/2026\/04\/lab3-1024x576.jpg\" alt=\"\" class=\"wp-image-2284\" srcset=\"https:\/\/fcfm.uas.edu.mx\/wp-content\/uploads\/2026\/04\/lab3-1024x576.jpg 1024w, https:\/\/fcfm.uas.edu.mx\/wp-content\/uploads\/2026\/04\/lab3-300x169.jpg 300w, https:\/\/fcfm.uas.edu.mx\/wp-content\/uploads\/2026\/04\/lab3-768x432.jpg 768w, https:\/\/fcfm.uas.edu.mx\/wp-content\/uploads\/2026\/04\/lab3-1536x864.jpg 1536w, https:\/\/fcfm.uas.edu.mx\/wp-content\/uploads\/2026\/04\/lab3.jpg 1600w\" sizes=\"auto, (max-width: 1024px) 100vw, 1024px\" \/><\/figure>\n<\/figure>\n\n\n\n<p><a href=\"https:\/\/fcfm.uas.edu.mx\/wp-content\/uploads\/2026\/04\/Reglamento-de-seguridad-electrica.pdf\" target=\"_blank\" rel=\"noreferrer noopener\">Reglamento<\/a><\/p>\n<\/details>\n\n\n\n<details class=\"wp-block-details is-layout-flow wp-block-details-is-layout-flow\" style=\"font-size:22px;font-style:normal;font-weight:300\"><summary>Laboratorio de Mecatr\u00f3nica<\/summary>\n<p><\/p>\n<\/details>\n\n\n\n<details class=\"wp-block-details is-layout-flow wp-block-details-is-layout-flow\" style=\"font-size:22px;font-style:normal;font-weight:300\"><summary>Laboratorio de Dise\u00f1o Electr\u00f3nico y Sistemas Embebidos<\/summary>\n<figure class=\"wp-block-gallery has-nested-images columns-default is-cropped wp-block-gallery-2 is-layout-flex wp-block-gallery-is-layout-flex\">\n<figure class=\"wp-block-image size-large\"><img loading=\"lazy\" decoding=\"async\" width=\"1024\" height=\"576\" data-id=\"2288\" src=\"https:\/\/fcfm.uas.edu.mx\/wp-content\/uploads\/2026\/04\/lab4-1-1024x576.jpg\" alt=\"\" class=\"wp-image-2288\" srcset=\"https:\/\/fcfm.uas.edu.mx\/wp-content\/uploads\/2026\/04\/lab4-1-1024x576.jpg 1024w, https:\/\/fcfm.uas.edu.mx\/wp-content\/uploads\/2026\/04\/lab4-1-300x169.jpg 300w, https:\/\/fcfm.uas.edu.mx\/wp-content\/uploads\/2026\/04\/lab4-1-768x432.jpg 768w, https:\/\/fcfm.uas.edu.mx\/wp-content\/uploads\/2026\/04\/lab4-1-1536x864.jpg 1536w, https:\/\/fcfm.uas.edu.mx\/wp-content\/uploads\/2026\/04\/lab4-1.jpg 1600w\" sizes=\"auto, (max-width: 1024px) 100vw, 1024px\" \/><\/figure>\n\n\n\n<figure class=\"wp-block-image size-large\"><img loading=\"lazy\" decoding=\"async\" width=\"1024\" height=\"576\" data-id=\"2289\" src=\"https:\/\/fcfm.uas.edu.mx\/wp-content\/uploads\/2026\/04\/lab5-1-1024x576.jpg\" alt=\"\" class=\"wp-image-2289\" srcset=\"https:\/\/fcfm.uas.edu.mx\/wp-content\/uploads\/2026\/04\/lab5-1-1024x576.jpg 1024w, https:\/\/fcfm.uas.edu.mx\/wp-content\/uploads\/2026\/04\/lab5-1-300x169.jpg 300w, https:\/\/fcfm.uas.edu.mx\/wp-content\/uploads\/2026\/04\/lab5-1-768x432.jpg 768w, https:\/\/fcfm.uas.edu.mx\/wp-content\/uploads\/2026\/04\/lab5-1-1536x864.jpg 1536w, https:\/\/fcfm.uas.edu.mx\/wp-content\/uploads\/2026\/04\/lab5-1.jpg 1600w\" sizes=\"auto, (max-width: 1024px) 100vw, 1024px\" \/><\/figure>\n<\/figure>\n\n\n\n<p><a href=\"https:\/\/fcfm.uas.edu.mx\/wp-content\/uploads\/2026\/04\/Reglamento-de-seguridad-electrica.pdf\" target=\"_blank\" rel=\"noreferrer noopener\">Reglamento<\/a><\/p>\n<\/details>\n\n\n\n<details class=\"wp-block-details is-layout-flow wp-block-details-is-layout-flow\" style=\"font-size:22px;font-style:normal;font-weight:300\"><summary>Laboratorio de Ense\u00f1anza de la F\u00edsica<\/summary>\n<p><\/p>\n<\/details>\n\n\n\n<details class=\"wp-block-details is-layout-flow wp-block-details-is-layout-flow\" style=\"font-size:22px;font-style:normal;font-weight:300\"><summary>Laboratorio de Detectores y Altas Energ\u00edas<\/summary>\n<figure class=\"wp-block-gallery has-nested-images columns-default is-cropped wp-block-gallery-3 is-layout-flex wp-block-gallery-is-layout-flex\">\n<figure class=\"wp-block-image size-large\"><img loading=\"lazy\" decoding=\"async\" width=\"1024\" height=\"768\" data-id=\"2359\" src=\"https:\/\/fcfm.uas.edu.mx\/wp-content\/uploads\/2026\/04\/lab1-1-1024x768.jpg\" alt=\"\" class=\"wp-image-2359\" srcset=\"https:\/\/fcfm.uas.edu.mx\/wp-content\/uploads\/2026\/04\/lab1-1-1024x768.jpg 1024w, https:\/\/fcfm.uas.edu.mx\/wp-content\/uploads\/2026\/04\/lab1-1-300x225.jpg 300w, https:\/\/fcfm.uas.edu.mx\/wp-content\/uploads\/2026\/04\/lab1-1-768x576.jpg 768w, https:\/\/fcfm.uas.edu.mx\/wp-content\/uploads\/2026\/04\/lab1-1.jpg 1296w\" sizes=\"auto, (max-width: 1024px) 100vw, 1024px\" \/><\/figure>\n\n\n\n<figure class=\"wp-block-image size-large\"><img loading=\"lazy\" decoding=\"async\" width=\"1024\" height=\"768\" data-id=\"2358\" src=\"https:\/\/fcfm.uas.edu.mx\/wp-content\/uploads\/2026\/04\/lab3-1-1024x768.jpg\" alt=\"\" class=\"wp-image-2358\" srcset=\"https:\/\/fcfm.uas.edu.mx\/wp-content\/uploads\/2026\/04\/lab3-1-1024x768.jpg 1024w, https:\/\/fcfm.uas.edu.mx\/wp-content\/uploads\/2026\/04\/lab3-1-300x225.jpg 300w, https:\/\/fcfm.uas.edu.mx\/wp-content\/uploads\/2026\/04\/lab3-1-768x576.jpg 768w, https:\/\/fcfm.uas.edu.mx\/wp-content\/uploads\/2026\/04\/lab3-1.jpg 1296w\" sizes=\"auto, (max-width: 1024px) 100vw, 1024px\" \/><\/figure>\n<\/figure>\n<\/details>\n\n\n\n<details class=\"wp-block-details is-layout-flow wp-block-details-is-layout-flow\" style=\"font-size:22px;font-style:normal;font-weight:300\"><summary>Laboratorio de Enfriamiento L\u00e1ser y Optomec\u00e1nica Cu\u00e1ntica<\/summary>\n<p><a href=\"https:\/\/fcfm.uas.edu.mx\/wp-content\/uploads\/2026\/04\/Reglamento-del-laboratorio-de-Enfriamiento-Laser-y-Opto-Mecanica-Cuantica.pdf\" target=\"_blank\" rel=\"noreferrer noopener\">Reglamento<\/a><\/p>\n\n\n\n<figure class=\"wp-block-gallery has-nested-images columns-default is-cropped wp-block-gallery-4 is-layout-flex wp-block-gallery-is-layout-flex\">\n<figure class=\"wp-block-image size-large\"><img loading=\"lazy\" decoding=\"async\" width=\"1024\" height=\"576\" data-id=\"2347\" src=\"https:\/\/fcfm.uas.edu.mx\/wp-content\/uploads\/2026\/04\/210426_01-1024x576.jpg\" alt=\"\" class=\"wp-image-2347\" srcset=\"https:\/\/fcfm.uas.edu.mx\/wp-content\/uploads\/2026\/04\/210426_01-1024x576.jpg 1024w, https:\/\/fcfm.uas.edu.mx\/wp-content\/uploads\/2026\/04\/210426_01-300x169.jpg 300w, https:\/\/fcfm.uas.edu.mx\/wp-content\/uploads\/2026\/04\/210426_01-768x432.jpg 768w, https:\/\/fcfm.uas.edu.mx\/wp-content\/uploads\/2026\/04\/210426_01-1536x864.jpg 1536w, https:\/\/fcfm.uas.edu.mx\/wp-content\/uploads\/2026\/04\/210426_01.jpg 1600w\" sizes=\"auto, (max-width: 1024px) 100vw, 1024px\" \/><\/figure>\n\n\n\n<figure class=\"wp-block-image size-large\"><img loading=\"lazy\" decoding=\"async\" width=\"1024\" height=\"576\" data-id=\"2348\" src=\"https:\/\/fcfm.uas.edu.mx\/wp-content\/uploads\/2026\/04\/210426_02-1024x576.jpg\" alt=\"\" class=\"wp-image-2348\" srcset=\"https:\/\/fcfm.uas.edu.mx\/wp-content\/uploads\/2026\/04\/210426_02-1024x576.jpg 1024w, https:\/\/fcfm.uas.edu.mx\/wp-content\/uploads\/2026\/04\/210426_02-300x169.jpg 300w, https:\/\/fcfm.uas.edu.mx\/wp-content\/uploads\/2026\/04\/210426_02-768x432.jpg 768w, https:\/\/fcfm.uas.edu.mx\/wp-content\/uploads\/2026\/04\/210426_02-1536x864.jpg 1536w, https:\/\/fcfm.uas.edu.mx\/wp-content\/uploads\/2026\/04\/210426_02.jpg 1600w\" sizes=\"auto, (max-width: 1024px) 100vw, 1024px\" \/><\/figure>\n<\/figure>\n<\/details>\n\n\n\n<details class=\"wp-block-details is-layout-flow wp-block-details-is-layout-flow\" style=\"font-size:22px;font-style:normal;font-weight:300\"><summary>Laboratorio de Superc\u00f3mputo<\/summary>\n<figure class=\"wp-block-gallery has-nested-images columns-default is-cropped wp-block-gallery-5 is-layout-flex wp-block-gallery-is-layout-flex\">\n<figure class=\"wp-block-image size-large\"><img loading=\"lazy\" decoding=\"async\" width=\"576\" height=\"1024\" data-id=\"2421\" src=\"https:\/\/fcfm.uas.edu.mx\/wp-content\/uploads\/2026\/05\/labsupcomp_01-1-576x1024.jpg\" alt=\"\" class=\"wp-image-2421\" srcset=\"https:\/\/fcfm.uas.edu.mx\/wp-content\/uploads\/2026\/05\/labsupcomp_01-1-576x1024.jpg 576w, https:\/\/fcfm.uas.edu.mx\/wp-content\/uploads\/2026\/05\/labsupcomp_01-1-169x300.jpg 169w, https:\/\/fcfm.uas.edu.mx\/wp-content\/uploads\/2026\/05\/labsupcomp_01-1.jpg 720w\" sizes=\"auto, (max-width: 576px) 100vw, 576px\" \/><\/figure>\n\n\n\n<figure class=\"wp-block-image size-large\"><img loading=\"lazy\" decoding=\"async\" width=\"1024\" height=\"576\" data-id=\"2422\" src=\"https:\/\/fcfm.uas.edu.mx\/wp-content\/uploads\/2026\/05\/labsupcomp_02-1-1024x576.jpg\" alt=\"\" class=\"wp-image-2422\" srcset=\"https:\/\/fcfm.uas.edu.mx\/wp-content\/uploads\/2026\/05\/labsupcomp_02-1-1024x576.jpg 1024w, https:\/\/fcfm.uas.edu.mx\/wp-content\/uploads\/2026\/05\/labsupcomp_02-1-300x169.jpg 300w, https:\/\/fcfm.uas.edu.mx\/wp-content\/uploads\/2026\/05\/labsupcomp_02-1-768x432.jpg 768w, https:\/\/fcfm.uas.edu.mx\/wp-content\/uploads\/2026\/05\/labsupcomp_02-1.jpg 1280w\" sizes=\"auto, (max-width: 1024px) 100vw, 1024px\" \/><\/figure>\n\n\n\n<figure class=\"wp-block-image size-large\"><img loading=\"lazy\" decoding=\"async\" width=\"576\" height=\"1024\" data-id=\"2423\" src=\"https:\/\/fcfm.uas.edu.mx\/wp-content\/uploads\/2026\/05\/labsupcomp_03-1-576x1024.jpg\" alt=\"\" class=\"wp-image-2423\" srcset=\"https:\/\/fcfm.uas.edu.mx\/wp-content\/uploads\/2026\/05\/labsupcomp_03-1-576x1024.jpg 576w, https:\/\/fcfm.uas.edu.mx\/wp-content\/uploads\/2026\/05\/labsupcomp_03-1-169x300.jpg 169w, https:\/\/fcfm.uas.edu.mx\/wp-content\/uploads\/2026\/05\/labsupcomp_03-1.jpg 720w\" sizes=\"auto, (max-width: 576px) 100vw, 576px\" \/><\/figure>\n<\/figure>\n\n\n\n<p><a href=\"https:\/\/fcfm.uas.edu.mx\/wp-content\/uploads\/2026\/05\/ReglamentolabSupComp.pdf\" target=\"_blank\" rel=\"noreferrer noopener\">Reglamento<\/a><\/p>\n<\/details>\n\n\n\n<details class=\"wp-block-details is-layout-flow wp-block-details-is-layout-flow\" style=\"font-size:22px;font-style:normal;font-weight:300\"><summary>Laboratorio de \u00d3ptica y Materiales<\/summary>\n<p><\/p>\n<\/details>\n\n\n\n<details class=\"wp-block-details is-layout-flow wp-block-details-is-layout-flow\" style=\"font-size:22px;font-style:normal;font-weight:300\"><summary>Laboratorio de S\u00edntesis de Materiales<\/summary>\n<p><\/p>\n<\/details>\n\n\n\n<details class=\"wp-block-details is-layout-flow wp-block-details-is-layout-flow\" style=\"font-size:22px;font-style:normal;font-weight:300\"><summary>Laboratorio de Caracterizaci\u00f3n de Materiales<\/summary>\n<p><\/p>\n<\/details>\n\n\n\n<details class=\"wp-block-details is-layout-flow wp-block-details-is-layout-flow\" style=\"font-size:22px;font-style:normal;font-weight:300\"><summary>Laboratorio de Matem\u00e1ticas y Estad\u00edstica<\/summary>\n<p><\/p>\n<\/details>\n","protected":false},"excerpt":{"rendered":"","protected":false},"author":1,"featured_media":0,"parent":0,"menu_order":0,"comment_status":"closed","ping_status":"closed","template":"","meta":{"footnotes":""},"class_list":["post-277","page","type-page","status-publish","hentry"],"_links":{"self":[{"href":"https:\/\/fcfm.uas.edu.mx\/index.php\/wp-json\/wp\/v2\/pages\/277","targetHints":{"allow":["GET"]}}],"collection":[{"href":"https:\/\/fcfm.uas.edu.mx\/index.php\/wp-json\/wp\/v2\/pages"}],"about":[{"href":"https:\/\/fcfm.uas.edu.mx\/index.php\/wp-json\/wp\/v2\/types\/page"}],"author":[{"embeddable":true,"href":"https:\/\/fcfm.uas.edu.mx\/index.php\/wp-json\/wp\/v2\/users\/1"}],"replies":[{"embeddable":true,"href":"https:\/\/fcfm.uas.edu.mx\/index.php\/wp-json\/wp\/v2\/comments?post=277"}],"version-history":[{"count":5,"href":"https:\/\/fcfm.uas.edu.mx\/index.php\/wp-json\/wp\/v2\/pages\/277\/revisions"}],"predecessor-version":[{"id":2425,"href":"https:\/\/fcfm.uas.edu.mx\/index.php\/wp-json\/wp\/v2\/pages\/277\/revisions\/2425"}],"wp:attachment":[{"href":"https:\/\/fcfm.uas.edu.mx\/index.php\/wp-json\/wp\/v2\/media?parent=277"}],"curies":[{"name":"wp","href":"https:\/\/api.w.org\/{rel}","templated":true}]}}