{"id":288,"date":"2024-03-10T04:15:55","date_gmt":"2024-03-10T04:15:55","guid":{"rendered":"https:\/\/fcfm.uas.edu.mx\/?page_id=288"},"modified":"2026-02-17T17:09:49","modified_gmt":"2026-02-17T17:09:49","slug":"licenciatura-en-matematicas","status":"publish","type":"page","link":"https:\/\/fcfm.uas.edu.mx\/index.php\/licenciatura-en-matematicas\/","title":{"rendered":"Licenciatura en Matem\u00e1ticas"},"content":{"rendered":"\n<figure class=\"wp-block-embed aligncenter is-type-video is-provider-youtube wp-block-embed-youtube wp-embed-aspect-16-9 wp-has-aspect-ratio\"><div class=\"wp-block-embed__wrapper\">\n<iframe loading=\"lazy\" title=\"Licenciatura en Matem\u00e1ticas - UAS\" width=\"500\" height=\"281\" src=\"https:\/\/www.youtube.com\/embed\/YfDQpOOqVkI?feature=oembed\" frameborder=\"0\" allow=\"accelerometer; autoplay; clipboard-write; encrypted-media; gyroscope; picture-in-picture; web-share\" referrerpolicy=\"strict-origin-when-cross-origin\" allowfullscreen><\/iframe>\n<\/div><\/figure>\n\n\n\n<p style=\"font-size:20px;font-style:normal;font-weight:400\"><strong><a href=\"https:\/\/fcfm.uas.edu.mx\/wp-content\/uploads\/2026\/02\/Triptico-Licenciatura-en-Matematicas-FCFM-UAS-2026-1.pdf\" target=\"_blank\" rel=\"noreferrer noopener\">Descargar tr\u00edptico<\/a><\/strong><\/p>\n\n\n\n<p style=\"font-size:23px;font-style:normal;font-weight:500\">Misi\u00f3n<\/p>\n\n\n\n<p style=\"font-size:20px;font-style:normal;font-weight:300\">Formar profesionales de la Matem\u00e1tica, que posean valores de excelencia, responsabilidad iniciativa, y alto sentido social, que coadyuven a impulsar el desarrollo cient\u00edfico, social, tecnol\u00f3gico y econ\u00f3mico de la regi\u00f3n y del pa\u00eds.<\/p>\n\n\n\n<p style=\"font-size:23px;font-style:normal;font-weight:500\">Visi\u00f3n<\/p>\n\n\n\n<p style=\"font-size:20px;font-style:normal;font-weight:300\">La Licenciatura en Matem\u00e1ticas es un programa reconocido por su calidad, que forma recursos competentes para realizar investigar y aplicar las matem\u00e1ticas en problemas de otras disciplinas; sus docentes-investigadores pertenecen a cuerpos acad\u00e9micos consolidados; se ha vinculado a nivel nacional e internacional con otras instituciones educativas y de investigaci\u00f3n. Es un programa acreditado y con procesos acad\u00e9mico-administrativos certificados.<\/p>\n\n\n\n<p style=\"font-size:23px;font-style:normal;font-weight:500\">Perfil de ingreso<\/p>\n\n\n\n<ul class=\"wp-block-list\">\n<li style=\"font-size:20px;font-style:normal;font-weight:300\"><em>Intereses<\/em>: en el estudio de las matem\u00e1ticas.<\/li>\n\n\n\n<li style=\"font-size:20px;font-style:normal;font-weight:300\"><em>Aptitudes<\/em>: Capacidad de abstracci\u00f3n, razonamiento l\u00f3gico y gr\u00e1fico, as\u00ed como capacidad para comunicar ideas y conceptos.<\/li>\n\n\n\n<li style=\"font-size:20px;font-style:normal;font-weight:300\"><em>Actitudes<\/em>: actitud positiva frente al reto de afrontar y resolver problemas.<\/li>\n<\/ul>\n\n\n\n<p style=\"font-size:23px;font-style:normal;font-weight:500\">Perfil de egreso<\/p>\n\n\n\n<p style=\"font-size:20px;font-style:normal;font-weight:300\">El egresado de la Licenciatura Matem\u00e1ticas en su \u00e1rea de desempe\u00f1o profesional aplica conocimientos sobre \u00e1lgebra, geometr\u00eda, c\u00e1lculo, an\u00e1lisis, topolog\u00eda, ecuaciones diferenciales, an\u00e1lisis num\u00e9rico, probabilidad y estad\u00edstica que le permiten poder justificar los procesos utilizados en la resoluci\u00f3n de problemas del \u00e1mbito de la matem\u00e1tica y de los provenientes de otras disciplinas; analiza e interpreta estad\u00edsticamente problemas de diversas disciplinas para la toma de decisiones, utilizando el pensamiento inductivo apegado a la metodolog\u00eda estad\u00edstica; elabora programas y ejecuta algoritmos computacionales para resolver problemas de diversas disciplinas utilizando herramientas num\u00e9ricas y anal\u00edticas, actuando con iniciativa en la direcci\u00f3n que las exigencias colectivas le impongan para subsanar carencias y detonar el desarrollo social asumiendo su rol de profesionista comprometido, eficiente, creativo y con sentido de pertinencia, identidad y empat\u00eda relacionando su \u00e1mbito pr\u00e1ctico con transdisciplinariedad para el sector p\u00fablico, privado y social a nivel regional, nacional e internacional.<\/p>\n\n\n\n<p style=\"font-size:23px;font-style:normal;font-weight:500\">Plan de estudios<\/p>\n\n\n\n<figure style=\"font-size:20px;font-style:normal;font-weight:300\" class=\"wp-block-table\"><table><thead><tr><th>PRIMER SEMESTRE <\/th><th>Hora\/ semana\/ materia<\/th><th>Horas te\u00f3ricas<\/th><th>Horas pr\u00e1cticas<\/th><th>Horas de estudio independiente<\/th><th>Total de horas<\/th><th>Cr\u00e9ditos<\/th><\/tr><\/thead><tbody><tr><td>Introducci\u00f3n al \u00e1lgebra<\/td><td>5<\/td><td>96<\/td><td>32<\/td><td>64<\/td><td>192<\/td><td>12<\/td><\/tr><tr><td>Geometr\u00eda anal\u00edtica<\/td><td>5<\/td><td>96<\/td><td>32<\/td><td>64<\/td><td>192<\/td><td>12<\/td><\/tr><tr><td>C\u00e1lculo diferencial<\/td><td>5<\/td><td>96<\/td><td>32<\/td><td>64<\/td><td>192<\/td><td>12<\/td><\/tr><tr><td>Geometr\u00eda euclidiana<\/td><td>5<\/td><td>96<\/td><td>32<\/td><td>64<\/td><td>192<\/td><td>12<\/td><\/tr><tr><td>Taller de c\u00e1lculo diferencial<\/td><td>5<\/td><td>32<\/td><td>96<\/td><td>64<\/td><td>192<\/td><td>12<\/td><\/tr><tr><td>TOTALES<\/td><td>25<\/td><td>416<\/td><td>224<\/td><td>320<\/td><td>960<\/td><td>60<\/td><\/tr><\/tbody><\/table><\/figure>\n\n\n\n<figure style=\"font-size:20px;font-style:normal;font-weight:300\" class=\"wp-block-table\"><table><thead><tr><th>SEGUNDO SEMESTRE <\/th><th>Hora\/ semana\/ materia<\/th><th>Horas te\u00f3ricas<\/th><th>Horas pr\u00e1cticas<\/th><th>Horas de estudio independiente<\/th><th>Total de horas<\/th><th>Cr\u00e9ditos<\/th><\/tr><\/thead><tbody><tr><td>\u00c1lgebra superior<\/td><td>5<\/td><td>96<\/td><td>32<\/td><td>64<\/td><td>192<\/td><td>12<\/td><\/tr><tr><td>Geometr\u00eda vectorial<\/td><td>5<\/td><td>112<\/td><td>32<\/td><td>64<\/td><td>208<\/td><td>13<\/td><\/tr><tr><td>C\u00e1lculo integral<\/td><td>5<\/td><td>80<\/td><td>32<\/td><td>48<\/td><td>160<\/td><td>10<\/td><\/tr><tr><td>Matem\u00e1ticas discretas<\/td><td>5<\/td><td>80<\/td><td>32<\/td><td>64<\/td><td>176<\/td><td>11<\/td><\/tr><tr><td>Taller de c\u00e1lculo integral<\/td><td>5<\/td><td>32<\/td><td>80<\/td><td>64<\/td><td>192<\/td><td>12<\/td><\/tr><tr><td>TOTALES<\/td><td>25<\/td><td>400<\/td><td>208<\/td><td>304<\/td><td>928<\/td><td>58<\/td><\/tr><\/tbody><\/table><\/figure>\n\n\n\n<figure style=\"font-size:20px;font-style:normal;font-weight:300\" class=\"wp-block-table\"><table><thead><tr><th>TERCER SEMESTRE <\/th><th>Hora\/ semana\/ materia<\/th><th>Horas te\u00f3ricas<\/th><th>Horas pr\u00e1cticas<\/th><th>Horas de estudio independiente<\/th><th>Total de horas<\/th><th>Cr\u00e9ditos<\/th><\/tr><\/thead><tbody><tr><td>\u00c1lgebra lineal<\/td><td>5<\/td><td>96<\/td><td>32<\/td><td>64<\/td><td>192<\/td><td>12<\/td><\/tr><tr><td>Ecuaciones diferenciales<\/td><td>5<\/td><td>112<\/td><td>32<\/td><td>64<\/td><td>208<\/td><td>13<\/td><\/tr><tr><td>C\u00e1lculo diferencial vectorial<\/td><td>5<\/td><td>80<\/td><td>32<\/td><td>48<\/td><td>160<\/td><td>10<\/td><\/tr><tr><td>Computaci\u00f3n<\/td><td>5<\/td><td>80<\/td><td>32<\/td><td>64<\/td><td>176<\/td><td>11<\/td><\/tr><tr><td>Did\u00e1ctica de las matem\u00e1ticas<\/td><td>5<\/td><td>80<\/td><td>32<\/td><td>32<\/td><td>144<\/td><td>9<\/td><\/tr><tr><td>TOTALES<\/td><td>25<\/td><td>448<\/td><td>160<\/td><td>272<\/td><td>880<\/td><td>55<\/td><\/tr><\/tbody><\/table><\/figure>\n\n\n\n<figure style=\"font-size:20px;font-style:normal;font-weight:300\" class=\"wp-block-table\"><table><thead><tr><th>CUARTO SEMESTRE <\/th><th>Hora\/ semana\/ materia<\/th><th>Horas te\u00f3ricas<\/th><th>Horas pr\u00e1cticas<\/th><th>Horas de estudio independiente<\/th><th>Total de horas<\/th><th>Cr\u00e9ditos<\/th><\/tr><\/thead><tbody><tr><td>Introducci\u00f3n a la teor\u00eda espectral<\/td><td>5<\/td><td>96<\/td><td>32<\/td><td>64<\/td><td>192<\/td><td>12<\/td><\/tr><tr><td>Ecuaciones diferenciales de orden superior<\/td><td>5<\/td><td>112<\/td><td>32<\/td><td>64<\/td><td>208<\/td><td>13<\/td><\/tr><tr><td>C\u00e1lculo integral vectorial<\/td><td>5<\/td><td>80<\/td><td>32<\/td><td>48<\/td><td>160<\/td><td>10<\/td><\/tr><tr><td>Introducci\u00f3n a la teor\u00eda de la probabilidad<\/td><td>5<\/td><td>80<\/td><td>32<\/td><td>64<\/td><td>176<\/td><td>11<\/td><\/tr><tr><td>Vinculaci\u00f3n y emprendimiento<\/td><td>5<\/td><td>80<\/td><td>32<\/td><td>32<\/td><td>144<\/td><td>9<\/td><\/tr><tr><td>TOTALES<\/td><td>25<\/td><td>448<\/td><td>160<\/td><td>272<\/td><td>880<\/td><td>55<\/td><\/tr><\/tbody><\/table><\/figure>\n\n\n\n<figure style=\"font-size:20px;font-style:normal;font-weight:300\" class=\"wp-block-table\"><table><thead><tr><th>QUINTO SEMESTRE <\/th><th>Hora\/ semana\/ materia<\/th><th>Horas te\u00f3ricas<\/th><th>Horas pr\u00e1cticas<\/th><th>Horas de estudio independiente<\/th><th>Total de horas<\/th><th>Cr\u00e9ditos<\/th><\/tr><\/thead><tbody><tr><td>Teor\u00eda de grupos<\/td><td>5<\/td><td>96<\/td><td>32<\/td><td>64<\/td><td>192<\/td><td>12<\/td><\/tr><tr><td>An\u00e1lisis matem\u00e1tico<\/td><td>5<\/td><td>80<\/td><td>32<\/td><td>64<\/td><td>176<\/td><td>11<\/td><\/tr><tr><td>An\u00e1lisis num\u00e9rico<\/td><td>5<\/td><td>96<\/td><td>32<\/td><td>64<\/td><td>192<\/td><td>12<\/td><\/tr><tr><td>Vectores aleatorios<\/td><td>5<\/td><td>80<\/td><td>32<\/td><td>64<\/td><td>176<\/td><td>11<\/td><\/tr><tr><td>Modelaci\u00f3n matem\u00e1tica<\/td><td>5<\/td><td>96<\/td><td>32<\/td><td>64<\/td><td>192<\/td><td>12<\/td><\/tr><tr><td>TOTALES<\/td><td>25<\/td><td>448<\/td><td>160<\/td><td>320<\/td><td>928<\/td><td>58<\/td><\/tr><\/tbody><\/table><\/figure>\n\n\n\n<figure style=\"font-size:20px;font-style:normal;font-weight:300\" class=\"wp-block-table\"><table><thead><tr><th>SEXTO SEMESTRE <\/th><th>Hora\/ semana\/ materia<\/th><th>Horas te\u00f3ricas<\/th><th>Horas pr\u00e1cticas<\/th><th>Horas de estudio independiente<\/th><th>Total de horas<\/th><th>Cr\u00e9ditos<\/th><\/tr><\/thead><tbody><tr><td>Anillos y Campos<\/td><td>5<\/td><td>96<\/td><td>32<\/td><td>64<\/td><td>192<\/td><td>12<\/td><\/tr><tr><td>Teor\u00eda de la Medida<\/td><td>5<\/td><td>80<\/td><td>32<\/td><td>64<\/td><td>176<\/td><td>11<\/td><\/tr><tr><td>Teor\u00eda Estad\u00edstica de la Estimaci\u00f3n<\/td><td>5<\/td><td>96<\/td><td>32<\/td><td>64<\/td><td>192<\/td><td>12<\/td><\/tr><tr><td>Actividades Interdisciplinarias<\/td><td>5<\/td><td>80<\/td><td>32<\/td><td>64<\/td><td>176<\/td><td>11<\/td><\/tr><tr><td>Optativa I<\/td><td>5<\/td><td>96<\/td><td>32<\/td><td>64<\/td><td>192<\/td><td>12<\/td><\/tr><tr><td>TOTALES<\/td><td>25<\/td><td>448<\/td><td>160<\/td><td>320<\/td><td>928<\/td><td>58<\/td><\/tr><\/tbody><\/table><\/figure>\n\n\n\n<figure style=\"font-size:20px;font-style:normal;font-weight:300\" class=\"wp-block-table\"><table><thead><tr><th>S\u00c9PTIMO SEMESTRE <\/th><th>Hora\/ semana\/ materia<\/th><th>Horas te\u00f3ricas<\/th><th>Horas pr\u00e1cticas<\/th><th>Horas de estudio independiente<\/th><th>Total de horas<\/th><th>Cr\u00e9ditos<\/th><\/tr><\/thead><tbody><tr><td>Variable Compleja<\/td><td>5<\/td><td>96<\/td><td>32<\/td><td>64<\/td><td>192<\/td><td>12<\/td><\/tr><tr><td>Introducci\u00f3n al An\u00e1lisis Funcional<\/td><td>5<\/td><td>96<\/td><td>32<\/td><td>64<\/td><td>192<\/td><td>12<\/td><\/tr><tr><td>Teor\u00eda de Pruebas de Hip\u00f3tesis<\/td><td>5<\/td><td>64<\/td><td>48<\/td><td>64<\/td><td>176<\/td><td>11<\/td><\/tr><tr><td>1Topolog\u00eda<\/td><td>5<\/td><td>96<\/td><td>32<\/td><td>64<\/td><td>192<\/td><td>12<\/td><\/tr><tr><td>Optativa II<\/td><td>5<\/td><td>80<\/td><td>32<\/td><td>64<\/td><td>176<\/td><td>11<\/td><\/tr><tr><td>TOTALES<\/td><td>25<\/td><td>432<\/td><td>176<\/td><td>320<\/td><td>928<\/td><td>58<\/td><\/tr><\/tbody><\/table><\/figure>\n\n\n\n<figure style=\"font-size:20px;font-style:normal;font-weight:300\" class=\"wp-block-table\"><table><thead><tr><th>OCTAVO SEMESTRE <\/th><th>Hora\/ semana\/ materia<\/th><th>Horas te\u00f3ricas<\/th><th>Horas pr\u00e1cticas<\/th><th>Horas de estudio independiente<\/th><th>Total de horas<\/th><th>Cr\u00e9ditos<\/th><\/tr><\/thead><tbody><tr><td>An\u00e1lisis Complejo<\/td><td>5<\/td><td>48<\/td><td>64<\/td><td>64<\/td><td>176<\/td><td>11<\/td><\/tr><tr><td>Metodolog\u00eda de la Investigaci\u00f3n<\/td><td>5<\/td><td>80<\/td><td>32<\/td><td>64<\/td><td>176<\/td><td>11<\/td><\/tr><tr><td>M\u00e9todos Estad\u00edsticos<\/td><td>5<\/td><td>80<\/td><td>32<\/td><td>32<\/td><td>144<\/td><td>9<\/td><\/tr><tr><td>Optativa III<\/td><td>5<\/td><td>80<\/td><td>32<\/td><td>32<\/td><td>144<\/td><td>9<\/td><\/tr><tr><td>Optativa IV<\/td><td>5<\/td><td>80<\/td><td>32<\/td><td>64<\/td><td>176<\/td><td>11<\/td><\/tr><tr><td>TOTALES<\/td><td>25<\/td><td>368<\/td><td>192<\/td><td>256<\/td><td>816<\/td><td>51<\/td><\/tr><\/tbody><\/table><\/figure>\n\n\n\n<p style=\"font-size:23px;font-style:normal;font-weight:500\">Mapa curricular 2023<\/p>\n\n\n\n<figure class=\"wp-block-table is-style-stripes\" style=\"font-size:20px;font-style:normal;font-weight:300\"><table class=\"has-cyan-bluish-gray-background-color has-background\"><thead><tr><th>Semestre I<\/th><th>Semestre II<\/th><th>Semestre III<\/th><th>Semestre IV<\/th><th>Semestre V<\/th><th>Semestre VI<\/th><th>Semestre VII<\/th><th>Semestre VIII<\/th><\/tr><\/thead><tbody><tr><td><a href=\"https:\/\/fcfm.uas.edu.mx\/wp-content\/uploads\/2024\/05\/19101-Programa_de_Estudio_Introduccion-al-Algebra.pdf\" target=\"_blank\" rel=\"noreferrer noopener\">Introducci\u00f3n al \u00e1lgebra<\/a><\/td><td><a href=\"https:\/\/fcfm.uas.edu.mx\/wp-content\/uploads\/2024\/05\/19201-Programa_de_Estudio_Algebra-Superior.pdf\" target=\"_blank\" rel=\"noreferrer noopener\">\u00c1lgebra superior<\/a><\/td><td><a href=\"https:\/\/fcfm.uas.edu.mx\/wp-content\/uploads\/2025\/01\/19301_Programa_de_Estudio_Algebra-Lineal.docx.pdf\" target=\"_blank\" rel=\"noreferrer noopener\">\u00c1lgebra Lineal<\/a><\/td><td><a href=\"https:\/\/fcfm.uas.edu.mx\/wp-content\/uploads\/2024\/05\/Programa_de_Estudio_Introduccion-a-la-Teoria-Espectral.pdf\" target=\"_blank\" rel=\"noreferrer noopener\">Introducci\u00f3n a la teor\u00eda espectral<\/a><\/td><td>Teor\u00eda de grupos<\/td><td>Anillos y campos<\/td><td><a href=\"https:\/\/fcfm.uas.edu.mx\/wp-content\/uploads\/2024\/05\/Programa_de_Estudio_Variable-Compleja.pdf\" target=\"_blank\" rel=\"noreferrer noopener\">Variable compleja<\/a><\/td><td>An\u00e1lisis complejo<\/td><\/tr><tr><td><a href=\"https:\/\/fcfm.uas.edu.mx\/wp-content\/uploads\/2024\/05\/19103-Programa_de_Estudio_Calculo-Diferencial.pdf\" target=\"_blank\" rel=\"noreferrer noopener\">C\u00e1lculo diferencial<\/a><\/td><td><a href=\"https:\/\/fcfm.uas.edu.mx\/wp-content\/uploads\/2024\/03\/19203-Programa_de_Estudio_Calculo_Integral.pdf\" target=\"_blank\" rel=\"noreferrer noopener\">C\u00e1lculo integral<\/a><\/td><td><a href=\"https:\/\/fcfm.uas.edu.mx\/wp-content\/uploads\/2024\/05\/Programa_de_Estudio_Ecuaciones-Diferenciales.pdf\" target=\"_blank\" rel=\"noreferrer noopener\">Ecuaciones diferenciales<\/a><\/td><td><a href=\"https:\/\/fcfm.uas.edu.mx\/wp-content\/uploads\/2025\/01\/19402-Programa_de_Estudio_Ecuaciones-Diferenciales-de-Orden-Superior.docx.pdf\" target=\"_blank\" rel=\"noreferrer noopener\">Ecuaciones diferenciales de orden superior<\/a><\/td><td>An\u00e1lisis num\u00e9rico<\/td><td>Actividades interdisciplinarias<\/td><td>Introducci\u00f3n al an\u00e1lisis funcional<\/td><td><a href=\"https:\/\/fcfm.uas.edu.mx\/wp-content\/uploads\/2024\/05\/19802_Programa_de_Estudios_Metodologia_de_la_Investigacion.pdf\" target=\"_blank\" rel=\"noreferrer noopener\">Metodolog\u00eda de la investigaci\u00f3n<\/a><\/td><\/tr><tr><td><a href=\"https:\/\/fcfm.uas.edu.mx\/wp-content\/uploads\/2024\/05\/19102-Programa_de_Estudio_Geometria-Analitica.pdf\" target=\"_blank\" rel=\"noreferrer noopener\">Geometr\u00eda anal\u00edtica<\/a><\/td><td><a href=\"https:\/\/fcfm.uas.edu.mx\/wp-content\/uploads\/2024\/05\/19202-Programa_de_Estudio_Geometria-Vectorial.pdf\" target=\"_blank\" rel=\"noreferrer noopener\">Geometr\u00eda vectorial<\/a><\/td><td><a href=\"https:\/\/fcfm.uas.edu.mx\/wp-content\/uploads\/2025\/01\/19303_Programa_de_Estudio_Calculo-Diferencial-Vectorial.docx.pdf\" target=\"_blank\" rel=\"noreferrer noopener\">C\u00e1lculo diferencial vectorial<\/a><\/td><td>C\u00e1lculo integral vectorial<\/td><td>An\u00e1lisis matem\u00e1tico<\/td><td>Teor\u00eda de la medida<\/td><td>Topolog\u00eda<\/td><td>M\u00e9todos estad\u00edsticos<\/td><\/tr><tr><td><a href=\"https:\/\/fcfm.uas.edu.mx\/wp-content\/uploads\/2024\/05\/1409-Geometria-Euclidiana.pdf\" target=\"_blank\" rel=\"noreferrer noopener\">Geometr\u00eda euclidiana<\/a><\/td><td><a href=\"https:\/\/fcfm.uas.edu.mx\/wp-content\/uploads\/2024\/05\/19204-Programa_de_Estudio_Matematicas-Discretas.pdf\" target=\"_blank\" rel=\"noreferrer noopener\">Matem\u00e1ticas discretas<\/a><\/td><td><a href=\"https:\/\/fcfm.uas.edu.mx\/wp-content\/uploads\/2025\/01\/19304_Programa_de_Estudio_Computacion.docx.pdf\" target=\"_blank\" rel=\"noreferrer noopener\">Computaci\u00f3n<\/a><\/td><td>Introducci\u00f3n a la teor\u00eda de probabilidad<\/td><td>Vectores aleatorios<\/td><td>Teor\u00eda estad\u00edstica de estimaci\u00f3n<\/td><td>Teor\u00eda de pruebas de hip\u00f3tesis<\/td><td>Optativa III<\/td><\/tr><tr><td><a href=\"https:\/\/fcfm.uas.edu.mx\/wp-content\/uploads\/2024\/05\/19105-Programa_de_Estudio_Taller-de-Calculo-Diferencial.pdf\" target=\"_blank\" rel=\"noreferrer noopener\">Taller de c\u00e1lculo diferencial<\/a><\/td><td><a href=\"https:\/\/fcfm.uas.edu.mx\/wp-content\/uploads\/2024\/05\/19203-Programa_de_Estudio_Calculo_Integral.pdf\" target=\"_blank\" rel=\"noreferrer noopener\">Taller de c\u00e1lculo integral<\/a><\/td><td><a href=\"https:\/\/fcfm.uas.edu.mx\/wp-content\/uploads\/2025\/01\/19305_Programa_de_Estudio_Didactica-de-las-Matematicas.docx.pdf\" target=\"_blank\" rel=\"noreferrer noopener\">Did\u00e1ctica de las matem\u00e1ticas<\/a><\/td><td><a href=\"https:\/\/fcfm.uas.edu.mx\/wp-content\/uploads\/2025\/01\/19405-Programa_de_Estudio_Vinculacion-y-emprendimiento.docx.pdf\" target=\"_blank\" rel=\"noreferrer noopener\">Vinculaci\u00f3n y emprendimiento<\/a><\/td><td>Modelaci\u00f3n matem\u00e1tica<\/td><td>Optativa I<\/td><td>Optativa II<\/td><td>Optativa IV<\/td><\/tr><\/tbody><\/table><\/figure>\n\n\n\n<p style=\"font-size:23px;font-style:normal;font-weight:500\">Mapa curricular 2019<\/p>\n\n\n\n<div class=\"wp-block-group\"><div class=\"wp-block-group__inner-container is-layout-constrained wp-block-group-is-layout-constrained\">\n<figure class=\"wp-block-table is-style-stripes\" style=\"font-size:20px;font-style:normal;font-weight:300\"><table class=\"has-cyan-bluish-gray-background-color has-background\"><thead><tr><th>Semestre I<\/th><th>Semestre II<\/th><th>Semestre III<\/th><th>Semestre IV<\/th><th>Semestre V<\/th><th>Semestre VI<\/th><th>Semestre VII<\/th><th>Semestre VIII<\/th><th>Semestre IX<\/th><th>Semestre X<\/th><\/tr><\/thead><tbody><tr><td><a href=\"https:\/\/fcfm.uas.edu.mx\/wp-content\/uploads\/2024\/05\/401-Algebra.pdf\" target=\"_blank\" rel=\"noreferrer noopener\">\u00c1lgebra y Trigonometr\u00eda<\/a><\/td><td><a href=\"https:\/\/fcfm.uas.edu.mx\/wp-content\/uploads\/2024\/05\/1405-Algebra-Superior.pdf\" target=\"_blank\" rel=\"noreferrer noopener\">\u00c1lgebra Superior<\/a><\/td><td><a href=\"https:\/\/fcfm.uas.edu.mx\/wp-content\/uploads\/2024\/05\/2410-Algebra-Lineal-I.pdf\" target=\"_blank\" rel=\"noreferrer noopener\">\u00c1lgebra Lineal I<\/a><\/td><td><a href=\"https:\/\/fcfm.uas.edu.mx\/wp-content\/uploads\/2024\/05\/3416-Algebra-Lineal-II.pdf\" target=\"_blank\" rel=\"noreferrer noopener\">\u00c1lgebra Lineal II<\/a><\/td><td>\u00c1lgebra Moderna I<\/td><td><a href=\"https:\/\/fcfm.uas.edu.mx\/wp-content\/uploads\/2024\/05\/Analisis-Matematico-I.pdf\" target=\"_blank\" rel=\"noreferrer noopener\">An\u00e1lisis Matem\u00e1tico I<\/a><\/td><td>Actividades Interdisciplinarias I<\/td><td>Actividades Interdisciplinarias II<\/td><td>Optativa<\/td><td>Optativa<\/td><\/tr><tr><td>F\u00edsica General<\/td><td><a href=\"https:\/\/fcfm.uas.edu.mx\/wp-content\/uploads\/2024\/05\/1406-Calculo-I.pdf\" target=\"_blank\" rel=\"noreferrer noopener\">C\u00e1lculo I<\/a><\/td><td>An\u00e1lisis Vectorial<\/td><td><a href=\"https:\/\/fcfm.uas.edu.mx\/wp-content\/uploads\/2024\/05\/1417-Calculo-III.pdf\" target=\"_blank\" rel=\"noreferrer noopener\">C\u00e1lculo III<\/a><\/td><td><a href=\"https:\/\/fcfm.uas.edu.mx\/wp-content\/uploads\/2024\/05\/Calculo-IV.pdf\" target=\"_blank\" rel=\"noreferrer noopener\">C\u00e1lculo IV<\/a><\/td><td><a href=\"https:\/\/fcfm.uas.edu.mx\/wp-content\/uploads\/2024\/05\/Analisis-Numerico-I.pdf\" target=\"_blank\" rel=\"noreferrer noopener\">An\u00e1lisis Num\u00e9rico I<\/a><\/td><td><a href=\"https:\/\/fcfm.uas.edu.mx\/wp-content\/uploads\/2024\/05\/Analisis-Matematico-II.pdf\" target=\"_blank\" rel=\"noreferrer noopener\">An\u00e1lisis Matem\u00e1tico II<\/a><\/td><td><a href=\"https:\/\/fcfm.uas.edu.mx\/wp-content\/uploads\/2024\/05\/Analisis-Matematico-III.pdf\" target=\"_blank\" rel=\"noreferrer noopener\">An\u00e1lisis Matem\u00e1tico III<\/a><\/td><td>Optativa<\/td><td>Optativa<\/td><\/tr><tr><td><a href=\"https:\/\/fcfm.uas.edu.mx\/wp-content\/uploads\/2024\/05\/403-Geometria-Analitica.pdf\" target=\"_blank\" rel=\"noreferrer noopener\">Geometr\u00eda Anal\u00edtica<\/a><\/td><td>F\u00edsica I<\/td><td><a href=\"https:\/\/fcfm.uas.edu.mx\/wp-content\/uploads\/2024\/05\/2412-Calculo-II.pdf\" target=\"_blank\" rel=\"noreferrer noopener\">C\u00e1lculo II<\/a><\/td><td>Computaci\u00f3n I<\/td><td>Computaci\u00f3n II<\/td><td><a href=\"https:\/\/fcfm.uas.edu.mx\/wp-content\/uploads\/2024\/05\/Probabilidad-II.pdf\" target=\"_blank\" rel=\"noreferrer noopener\">Probabilidad II<\/a><\/td><td><a href=\"https:\/\/fcfm.uas.edu.mx\/wp-content\/uploads\/2024\/05\/Estadistica-I.pdf\">Estad\u00edstica I<\/a><\/td><td><a href=\"https:\/\/fcfm.uas.edu.mx\/wp-content\/uploads\/2024\/05\/Estadistica-II.pdf\" target=\"_blank\" rel=\"noreferrer noopener\">Estad\u00edstica II<\/a><\/td><td><\/td><td><\/td><\/tr><tr><td><a href=\"https:\/\/fcfm.uas.edu.mx\/wp-content\/uploads\/2024\/05\/404-Introduccion-al-Calculo.pdf\" target=\"_blank\" rel=\"noreferrer noopener\">Introducci\u00f3n al C\u00e1lculo<\/a><\/td><td>Laboratorio I<\/td><td>F\u00edsica II<\/td><td><a href=\"https:\/\/fcfm.uas.edu.mx\/wp-content\/uploads\/2024\/05\/Ecuaciones-Diferenciales-I.pdf\" target=\"_blank\" rel=\"noreferrer noopener\">Ecuaciones Diferenciales I<\/a><\/td><td><a href=\"https:\/\/fcfm.uas.edu.mx\/wp-content\/uploads\/2024\/05\/Ecuaciones-Diferenciales-II.pdf\" target=\"_blank\" rel=\"noreferrer noopener\">Ecuaciones Diferenciales II<\/a><\/td><td>Programaci\u00f3n Lineal<\/td><td><a href=\"https:\/\/fcfm.uas.edu.mx\/wp-content\/uploads\/2024\/05\/Topologia-I.pdf\" target=\"_blank\" rel=\"noreferrer noopener\">Topolog\u00eda I<\/a><\/td><td>Teor\u00eda de Ecuaciones Diferenciales<\/td><td><\/td><td><\/td><\/tr><tr><td><\/td><td><a href=\"https:\/\/fcfm.uas.edu.mx\/wp-content\/uploads\/2024\/05\/1409-Geometria-Euclidiana.pdf\" target=\"_blank\" rel=\"noreferrer noopener\">Geometr\u00eda Euclidiana<\/a><\/td><td>Laboratorio II<\/td><td>F\u00edsica III<\/td><td><a href=\"https:\/\/fcfm.uas.edu.mx\/wp-content\/uploads\/2024\/05\/Probabilidad-I.pdf\" target=\"_blank\" rel=\"noreferrer noopener\">Probabilidad I<\/a><\/td><td><a href=\"https:\/\/fcfm.uas.edu.mx\/wp-content\/uploads\/2024\/05\/Programa_de_Estudio_Variable-Compleja-1.pdf\" target=\"_blank\" rel=\"noreferrer noopener\">Variable Compleja I<\/a><\/td><td>Optativa<\/td><td>Optativa<\/td><td><\/td><td><\/td><\/tr><tr><td><\/td><td><\/td><td><a href=\"https:\/\/fcfm.uas.edu.mx\/wp-content\/uploads\/2024\/05\/2415-Geometria-Vectorial.pdf\" target=\"_blank\" rel=\"noreferrer noopener\">Geometr\u00eda Anal\u00edtica Vectorial<\/a><\/td><td>Laboratorio III<\/td><td><\/td><td><\/td><td><\/td><td><\/td><td><\/td><td><\/td><\/tr><\/tbody><\/table><\/figure>\n<\/div><\/div>\n","protected":false},"excerpt":{"rendered":"<p>Descargar tr\u00edptico Misi\u00f3n Formar profesionales de la Matem\u00e1tica, que posean valores de excelencia, responsabilidad iniciativa, y alto sentido social, que [&hellip;]<\/p>\n","protected":false},"author":1,"featured_media":0,"parent":0,"menu_order":0,"comment_status":"closed","ping_status":"closed","template":"","meta":{"footnotes":""},"class_list":["post-288","page","type-page","status-publish","hentry"],"_links":{"self":[{"href":"https:\/\/fcfm.uas.edu.mx\/index.php\/wp-json\/wp\/v2\/pages\/288","targetHints":{"allow":["GET"]}}],"collection":[{"href":"https:\/\/fcfm.uas.edu.mx\/index.php\/wp-json\/wp\/v2\/pages"}],"about":[{"href":"https:\/\/fcfm.uas.edu.mx\/index.php\/wp-json\/wp\/v2\/types\/page"}],"author":[{"embeddable":true,"href":"https:\/\/fcfm.uas.edu.mx\/index.php\/wp-json\/wp\/v2\/users\/1"}],"replies":[{"embeddable":true,"href":"https:\/\/fcfm.uas.edu.mx\/index.php\/wp-json\/wp\/v2\/comments?post=288"}],"version-history":[{"count":2,"href":"https:\/\/fcfm.uas.edu.mx\/index.php\/wp-json\/wp\/v2\/pages\/288\/revisions"}],"predecessor-version":[{"id":1650,"href":"https:\/\/fcfm.uas.edu.mx\/index.php\/wp-json\/wp\/v2\/pages\/288\/revisions\/1650"}],"wp:attachment":[{"href":"https:\/\/fcfm.uas.edu.mx\/index.php\/wp-json\/wp\/v2\/media?parent=288"}],"curies":[{"name":"wp","href":"https:\/\/api.w.org\/{rel}","templated":true}]}}