{"id":385,"date":"2024-03-10T17:27:31","date_gmt":"2024-03-10T17:27:31","guid":{"rendered":"https:\/\/fcfm.uas.edu.mx\/?page_id=385"},"modified":"2026-03-11T23:57:42","modified_gmt":"2026-03-11T23:57:42","slug":"licenciatura-en-mecatronica","status":"publish","type":"page","link":"https:\/\/fcfm.uas.edu.mx\/index.php\/licenciatura-en-mecatronica\/","title":{"rendered":"Licenciatura en Mecatr\u00f3nica"},"content":{"rendered":"\n<figure class=\"wp-block-embed aligncenter is-type-video is-provider-youtube wp-block-embed-youtube wp-embed-aspect-16-9 wp-has-aspect-ratio\"><div class=\"wp-block-embed__wrapper\">\n<iframe loading=\"lazy\" title=\"Ingenier\u00eda Mecatr\u00f3nica - UAS\" width=\"500\" height=\"281\" src=\"https:\/\/www.youtube.com\/embed\/j6Pds3AZ1uo?feature=oembed\" frameborder=\"0\" allow=\"accelerometer; autoplay; clipboard-write; encrypted-media; gyroscope; picture-in-picture; web-share\" referrerpolicy=\"strict-origin-when-cross-origin\" allowfullscreen><\/iframe>\n<\/div><\/figure>\n\n\n\n<p style=\"font-size:20px;font-style:normal;font-weight:500\"><a href=\"https:\/\/fcfm.uas.edu.mx\/wp-content\/uploads\/2026\/02\/Triptico-Licenciatura-en-Ingenieria-Mecatronica-FCFM-UAS-2026-1.pdf\">Descargar tr\u00edptico<\/a><\/p>\n\n\n\n<p style=\"font-size:23px;font-style:normal;font-weight:500\">Misi\u00f3n<\/p>\n\n\n\n<p style=\"font-size:20px;font-style:normal;font-weight:300\">Formar profesionales de la mecatr\u00f3nica, que impulsen el desarrollo tecnol\u00f3gico en su \u00e1mbito de competencia, y coadyuven al desarrollo cient\u00edfico, econ\u00f3mico, social e industrial de la regi\u00f3n y el pa\u00eds mediante la aplicaci\u00f3n, investigaci\u00f3n y divulgaci\u00f3n de la mecatr\u00f3nica para la soluci\u00f3n de problemas provenientes de otras \u00e1reas del conocimiento, con \u00e9tica profesional y respeto por el medio ambiente.<\/p>\n\n\n\n<p style=\"font-size:23px;font-style:normal;font-weight:500\">Visi\u00f3n<\/p>\n\n\n\n<p style=\"font-size:20px;font-style:normal;font-weight:300\">La Licenciatura en Ingenier\u00eda Mecatr\u00f3nica es un programa reconocido por su calidad, que forma recursos competentes para realizar investigaci\u00f3n, innovaci\u00f3n y desarrollo tecnol\u00f3gico; sus docentes-investigadores pertenecen a cuerpos acad\u00e9micos consolidados; se ha vinculado a nivel nacional e internacional con otras instituciones educativas, de investigaci\u00f3n, centros de desarrollo de tecnolog\u00eda e industrias especializadas, coadyuvando con la industrializaci\u00f3n y bienestar de la regi\u00f3n y del pa\u00eds. Es un programa acreditado y con procesos acad\u00e9mico-administrativos certificados.<\/p>\n\n\n\n<p style=\"font-size:23px;font-style:normal;font-weight:500\">Perfil de ingreso<\/p>\n\n\n\n<p style=\"font-size:20px;font-style:normal;font-weight:300\">El aspirante a esta carrera debe contar con:<\/p>\n\n\n\n<ul class=\"wp-block-list\">\n<li style=\"font-size:20px;font-style:normal;font-weight:300\"><em>Intereses en<\/em>: Ciencia, innovaci\u00f3n y desarrollo de tecnolog\u00eda.<\/li>\n\n\n\n<li style=\"font-size:20px;font-style:normal;font-weight:300\"><em>Aptitudes en<\/em>: F\u00edsica y matem\u00e1ticas.<\/li>\n\n\n\n<li style=\"font-size:20px;font-style:normal;font-weight:300\"><em>Actitudes en<\/em>: Disposici\u00f3n al trabajo individual y colectivo, compromiso y responsabilidad con los proyectos asignados, autodidacta con gusto por el aprendizaje constante, pensamiento l\u00f3gico, inteligencia espacial, capacidad cr\u00edtica y propositiva para solucionar problemas.<\/li>\n<\/ul>\n\n\n\n<p style=\"font-size:23px;font-style:normal;font-weight:500\">Perfil de egreso<\/p>\n\n\n\n<p style=\"font-size:20px;font-style:normal;font-weight:300\">El egresado de la Licenciatura en Ingenier\u00eda Mecatr\u00f3nica en su \u00e1rea de desempe\u00f1o profesional gestiona proyectos en los que analiza, eval\u00faa, dise\u00f1a y desarrolla equipos y sistemas mecatr\u00f3nicos promoviendo el trabajo colaborativo con \u00e9tica y responsabilidad considerando el impacto de sus acciones en la sociedad y en el medio ambiente relacionando su \u00e1mbito pr\u00e1ctico con transdisciplinariedad para el sector p\u00fablico, privado y social a nivel regional y nacional.<\/p>\n\n\n\n<p style=\"font-size:23px;font-style:normal;font-weight:500\">Plan de estudios<\/p>\n\n\n\n<figure style=\"font-size:20px;font-style:normal;font-weight:300\" class=\"wp-block-table\"><table><thead><tr><th>PRIMER SEMESTRE<\/th><th>Hora \/ semana\/ materia<\/th><th>Horas te\u00f3ricas<\/th><th>Horas pr\u00e1cticas<\/th><th>Horas de estudio independiente<\/th><th>Total de horas<\/th><th>Cr\u00e9ditos<\/th><\/tr><\/thead><tbody><tr><td>Calculo diferencial<\/td><td>5<\/td><td>80<\/td><td>48<\/td><td>64<\/td><td>192<\/td><td>12<\/td><\/tr><tr><td>F\u00edsica mec\u00e1nica<\/td><td>5<\/td><td>80<\/td><td>48<\/td><td>64<\/td><td>192<\/td><td>12<\/td><\/tr><tr><td>Dise\u00f1o asistido por computadora<\/td><td>5<\/td><td>60<\/td><td>68<\/td><td>48<\/td><td>176<\/td><td>11<\/td><\/tr><tr><td>Mediciones el\u00e9ctricas<\/td><td>5<\/td><td>48<\/td><td>64<\/td><td>48<\/td><td>160<\/td><td>10<\/td><\/tr><tr><td>Lenguaje de programaci\u00f3n<\/td><td>5<\/td><td>70<\/td><td>58<\/td><td>64<\/td><td>192<\/td><td>12<\/td><\/tr><tr><td>Introducci\u00f3n a la mecatr\u00f3nica<\/td><td>5<\/td><td>80<\/td><td>32<\/td><td>32<\/td><td>144<\/td><td>9<\/td><\/tr><tr><td>TOTALES<\/td><td>25<\/td><td>418<\/td><td>318<\/td><td>320<\/td><td>1056<\/td><td>66<\/td><\/tr><\/tbody><\/table><\/figure>\n\n\n\n<figure style=\"font-size:20px;font-style:normal;font-weight:300\" class=\"wp-block-table\"><table><thead><tr><th>SEGUNDO SEMESTRE<\/th><th>Hora \/ semana\/ materia<\/th><th>Horas te\u00f3ricas<\/th><th>Horas pr\u00e1cticas<\/th><th>Horas de estudio independiente<\/th><th>Total de horas<\/th><th>Cr\u00e9ditos<\/th><\/tr><\/thead><tbody><tr><td>Calculo integral<\/td><td>5<\/td><td>80<\/td><td>48<\/td><td>64<\/td><td>192<\/td><td>12<\/td><\/tr><tr><td>Algebra lineal<\/td><td>5<\/td><td>80<\/td><td>32<\/td><td>64<\/td><td>176<\/td><td>11<\/td><\/tr><tr><td>Probabilidad y estad\u00edstica<\/td><td>5<\/td><td>80<\/td><td>32<\/td><td>48<\/td><td>160<\/td><td>10<\/td><\/tr><tr><td>Est\u00e1tica<\/td><td>5<\/td><td>80<\/td><td>48<\/td><td>64<\/td><td>192<\/td><td>12<\/td><\/tr><tr><td>Programaci\u00f3n orientada a objetos<\/td><td>5<\/td><td>70<\/td><td>58<\/td><td>64<\/td><td>192<\/td><td>12<\/td><\/tr><tr><td>Metrolog\u00eda y normalizaci\u00f3n<\/td><td>5<\/td><td>48<\/td><td>64<\/td><td>48<\/td><td>160<\/td><td>10<\/td><\/tr><tr><td>TOTALES<\/td><td>25<\/td><td>438<\/td><td>282<\/td><td>352<\/td><td>1072<\/td><td>67<\/td><\/tr><\/tbody><\/table><\/figure>\n\n\n\n<figure style=\"font-size:20px;font-style:normal;font-weight:300\" class=\"wp-block-table\"><table><thead><tr><th>TERCER SEMESTRE<\/th><th>Hora \/ semana\/ materia<\/th><th>Horas te\u00f3ricas<\/th><th>Horas pr\u00e1cticas<\/th><th>Horas de estudio independiente<\/th><th>Total de horas<\/th><th>Cr\u00e9ditos<\/th><\/tr><\/thead><tbody><tr><td>Ecuaciones diferenciales<\/td><td>5<\/td><td>80<\/td><td>48<\/td><td>64<\/td><td>192<\/td><td>12<\/td><\/tr><tr><td>An\u00e1lisis vectorial<\/td><td>5<\/td><td>80<\/td><td>48<\/td><td>64<\/td><td>192<\/td><td>12<\/td><\/tr><tr><td>Electricidad y magnetismo<\/td><td>5<\/td><td>80<\/td><td>32<\/td><td>64<\/td><td>176<\/td><td>11<\/td><\/tr><tr><td>Din\u00e1mica<\/td><td>5<\/td><td>80<\/td><td>48<\/td><td>64<\/td><td>192<\/td><td>12<\/td><\/tr><tr><td>Ciencia e ingenier\u00eda de los materiales<\/td><td>5<\/td><td>80<\/td><td>32<\/td><td>48<\/td><td>160<\/td><td>10<\/td><\/tr><tr><td>An\u00e1lisis de circuitos el\u00e9ctricos<\/td><td>5<\/td><td>80<\/td><td>32<\/td><td>48<\/td><td>160<\/td><td>10<\/td><\/tr><tr><td>TOTALES<\/td><td>25<\/td><td>480<\/td><td>240<\/td><td>352<\/td><td>1072<\/td><td>67<\/td><\/tr><\/tbody><\/table><\/figure>\n\n\n\n<figure style=\"font-size:20px;font-style:normal;font-weight:300\" class=\"wp-block-table\"><table><thead><tr><th>CUARTO SEMESTRE<\/th><th>Hora \/ semana\/ materia<\/th><th>Horas te\u00f3ricas<\/th><th>Horas pr\u00e1cticas<\/th><th>Horas de estudio independiente<\/th><th>Total de horas<\/th><th>Cr\u00e9ditos<\/th><\/tr><\/thead><tbody><tr><td>M\u00e9todos matem\u00e1ticos<\/td><td>5<\/td><td>80<\/td><td>32<\/td><td>48<\/td><td>160<\/td><td>10<\/td><\/tr><tr><td>Mecanismos<\/td><td>5<\/td><td>80<\/td><td>32<\/td><td>64<\/td><td>176<\/td><td>11<\/td><\/tr><tr><td>Mec\u00e1nica de materiales<\/td><td>5<\/td><td>80<\/td><td>32<\/td><td>48<\/td><td>160<\/td><td>10<\/td><\/tr><tr><td>Din\u00e1mica de sistemas<\/td><td>5<\/td><td>80<\/td><td>48<\/td><td>64<\/td><td>192<\/td><td>12<\/td><\/tr><tr><td>Electr\u00f3nica anal\u00f3gica<\/td><td>5<\/td><td>64<\/td><td>64<\/td><td>64<\/td><td>192<\/td><td>12<\/td><\/tr><tr><td>Electr\u00f3nica digital<\/td><td>5<\/td><td>64<\/td><td>64<\/td><td>64<\/td><td>192<\/td><td>12<\/td><\/tr><tr><td>TOTALES<\/td><td>25<\/td><td>448<\/td><td>272<\/td><td>352<\/td><td>1072<\/td><td>67<\/td><\/tr><\/tbody><\/table><\/figure>\n\n\n\n<figure style=\"font-size:20px;font-style:normal;font-weight:300\" class=\"wp-block-table\"><table><thead><tr><th>QUINTO<br>SEMESTRE<\/th><th>Hora \/ semana\/ materia<\/th><th>Horas te\u00f3ricas<\/th><th>Horas pr\u00e1cticas<\/th><th>Horas de estudio independiente<\/th><th>Total de horas<\/th><th>Cr\u00e9ditos<\/th><\/tr><\/thead><tbody><tr><td>Termodin\u00e1mica y mec\u00e1nica de fluidos<\/td><td>5<\/td><td>80<\/td><td>32<\/td><td>48<\/td><td>160<\/td><td>10<\/td><\/tr><tr><td>M\u00e1quinas el\u00e9ctricas<\/td><td>5<\/td><td>80<\/td><td>32<\/td><td>64<\/td><td>176<\/td><td>11<\/td><\/tr><tr><td>Dise\u00f1o de elementos mec\u00e1nicos<\/td><td>5<\/td><td>80<\/td><td>32<\/td><td>48<\/td><td>160<\/td><td>10<\/td><\/tr><tr><td>Control<\/td><td>5<\/td><td>80<\/td><td>48<\/td><td>64<\/td><td>192<\/td><td>12<\/td><\/tr><tr><td>Metodolog\u00eda de la investigaci\u00f3n<\/td><td>5<\/td><td>64<\/td><td>64<\/td><td>64<\/td><td>192<\/td><td>12<\/td><\/tr><tr><td>Microcontroladores<\/td><td>5<\/td><td>64<\/td><td>64<\/td><td>64<\/td><td>192<\/td><td>12<\/td><\/tr><tr><td>TOTALES<\/td><td>25<\/td><td>448<\/td><td>272<\/td><td>352<\/td><td>1072<\/td><td>67<\/td><\/tr><\/tbody><\/table><\/figure>\n\n\n\n<figure style=\"font-size:20px;font-style:normal;font-weight:300\" class=\"wp-block-table\"><table><thead><tr><th>SEXTO SEMESTRE<\/th><th>Hora \/ semana\/ materia<\/th><th>Horas te\u00f3ricas<\/th><th>Horas pr\u00e1cticas<\/th><th>Horas de estudio independiente<\/th><th>Total de horas<\/th><th>Cr\u00e9ditos<\/th><\/tr><\/thead><tbody><tr><td>Circuitos hidr\u00e1ulicos y neum\u00e1ticos<\/td><td>5<\/td><td>70<\/td><td>58<\/td><td>48<\/td><td>176<\/td><td>11<\/td><\/tr><tr><td>Manufactura avanzada<\/td><td>5<\/td><td>70<\/td><td>58<\/td><td>48<\/td><td>176<\/td><td>11<\/td><\/tr><tr><td>Mantenimiento<\/td><td>5<\/td><td>80<\/td><td>32<\/td><td>32<\/td><td>144<\/td><td>9<\/td><\/tr><tr><td>Electr\u00f3nica de potencia<\/td><td>5<\/td><td>64<\/td><td>64<\/td><td>48<\/td><td>176<\/td><td>11<\/td><\/tr><tr><td>Procesamiento digital de se\u00f1ales<\/td><td>5<\/td><td>80<\/td><td>48<\/td><td>64<\/td><td>192<\/td><td>12<\/td><\/tr><tr><td>T\u00f3picos especiales de mecatr\u00f3nica<\/td><td>5<\/td><td>80<\/td><td>48<\/td><td>48<\/td><td>176<\/td><td>11<\/td><\/tr><tr><td>TOTALES<\/td><td>25<\/td><td>444<\/td><td>308<\/td><td>288<\/td><td>1040<\/td><td>65<\/td><\/tr><\/tbody><\/table><\/figure>\n\n\n\n<figure style=\"font-size:20px;font-style:normal;font-weight:300\" class=\"wp-block-table\"><table><thead><tr><th>S\u00c9PTIMO SEMESTRE<\/th><th>Hora \/ semana\/ materia<\/th><th>Horas te\u00f3ricas<\/th><th>Horas pr\u00e1cticas<\/th><th>Horas de estudio independiente<\/th><th>Total de horas<\/th><th>Cr\u00e9ditos<\/th><\/tr><\/thead><tbody><tr><td>Rob\u00f3tica<\/td><td>5<\/td><td>80<\/td><td>48<\/td><td>64<\/td><td>192<\/td><td>12<\/td><\/tr><tr><td>An\u00e1lisis de vibraciones<\/td><td>5<\/td><td>80<\/td><td>48<\/td><td>64<\/td><td>192<\/td><td>12<\/td><\/tr><tr><td>Instrumentaci\u00f3n<\/td><td>5<\/td><td>64<\/td><td>64<\/td><td>48<\/td><td>176<\/td><td>11<\/td><\/tr><tr><td>Automatizaci\u00f3n<\/td><td>5<\/td><td>48<\/td><td>80<\/td><td>48<\/td><td>176<\/td><td>11<\/td><\/tr><tr><td>Administraci\u00f3n de proyectos<\/td><td>5<\/td><td>80<\/td><td>32<\/td><td>32<\/td><td>144<\/td><td>9<\/td><\/tr><tr><td>T\u00f3picos avanzados de mecatr\u00f3nica<\/td><td>5<\/td><td>80<\/td><td>48<\/td><td>48<\/td><td>176<\/td><td>11<\/td><\/tr><tr><td>TOTALES<\/td><td>25<\/td><td>432<\/td><td>320<\/td><td>304<\/td><td>1056<\/td><td>66<\/td><\/tr><\/tbody><\/table><\/figure>\n\n\n\n<figure style=\"font-size:20px;font-style:normal;font-weight:300\" class=\"wp-block-table\"><table><thead><tr><th>OCTAVO SEMESTRE<\/th><th>Hora \/ semana\/ materia<\/th><th>Horas te\u00f3ricas<\/th><th>Horas pr\u00e1cticas<\/th><th>Horas de estudio independiente<\/th><th>Total de horas<\/th><th>Cr\u00e9ditos<\/th><\/tr><\/thead><tbody><tr><td>Estancia profesional<\/td><td>30<\/td><td>0<\/td><td>480<\/td><td>0<\/td><td>480<\/td><td>30<\/td><\/tr><tr><td>TOTALES<\/td><td>30<\/td><td>0<\/td><td>480<\/td><td>0<\/td><td>480<\/td><td>30<\/td><\/tr><\/tbody><\/table><\/figure>\n\n\n\n<p style=\"font-size:23px;font-style:normal;font-weight:500\">Mapa curricular<\/p>\n\n\n\n<figure style=\"font-size:20px;font-style:normal;font-weight:300\" class=\"wp-block-table\"><table><thead><tr><th>Semestre I<\/th><th>Semestre II<\/th><th>Semestre III<\/th><th>Semestre IV<\/th><th>Semestre V<\/th><th>Semestre VI<\/th><th>Semestre VII<\/th><th>Semestre VIII<\/th><\/tr><\/thead><tbody><tr><td><a href=\"https:\/\/fcfm.uas.edu.mx\/wp-content\/uploads\/2025\/05\/Ing_Electronica_Calculo-diferencial_Formato-2023.pdf\" target=\"_blank\" rel=\"noreferrer noopener\">Calculo diferencial<\/a><\/td><td><a href=\"https:\/\/fcfm.uas.edu.mx\/wp-content\/uploads\/2024\/04\/Ing_Mecatronica_Calculo-integral_Formato-2023.pdf\">Calculo integral<\/a><\/td><td><a href=\"https:\/\/fcfm.uas.edu.mx\/wp-content\/uploads\/2024\/06\/19313.-PE_Ecuaciones-diferenciales.pdf\" target=\"_blank\" rel=\"noreferrer noopener\">Ecuaciones diferenciales<\/a><\/td><td><a href=\"https:\/\/fcfm.uas.edu.mx\/wp-content\/uploads\/2025\/05\/19419.-Ingenieria-Mecatronica_PE_Metodos-matematicos.pdf\" target=\"_blank\" rel=\"noreferrer noopener\">M\u00e9todos matem\u00e1ticos<\/a><\/td><td><a href=\"https:\/\/fcfm.uas.edu.mx\/wp-content\/uploads\/2026\/03\/19525.-PE_Termodinamica-y-mecanica-de-fluidos.pdf\" target=\"_blank\" rel=\"noreferrer noopener\">Termodin\u00e1mica y mec\u00e1nica de fluidos<\/a><\/td><td><a href=\"https:\/\/fcfm.uas.edu.mx\/wp-content\/uploads\/2026\/03\/19631.-PE_Circuitos-hidraulicos-y-neumaticos.pdf\" target=\"_blank\" rel=\"noreferrer noopener\">Circuitos hidr\u00e1ulicos y neum\u00e1ticos<\/a><\/td><td>Rob\u00f3tica<\/td><td>Estancia profesional<\/td><\/tr><tr><td><a href=\"https:\/\/fcfm.uas.edu.mx\/wp-content\/uploads\/2024\/04\/Fisica-Mecanica-mecatronica-formato_2023.pdf\">F\u00edsica mec\u00e1nica<\/a><\/td><td><a href=\"https:\/\/fcfm.uas.edu.mx\/wp-content\/uploads\/2024\/04\/Ing_Mecatronica_Algebra-lineal_Formato-2023.pdf\">Algebra lineal<\/a><\/td><td><a href=\"https:\/\/fcfm.uas.edu.mx\/wp-content\/uploads\/2024\/06\/19314.-PE_Analisis-Vectorial.pdf\" target=\"_blank\" rel=\"noreferrer noopener\">An\u00e1lisis vectorial<\/a><\/td><td><a href=\"https:\/\/fcfm.uas.edu.mx\/wp-content\/uploads\/2025\/05\/19420.-Ingenieria-Mecatronica_PE_Mecanismos.pdf\" target=\"_blank\" rel=\"noreferrer noopener\">Mecanismos<\/a><\/td><td><a href=\"https:\/\/fcfm.uas.edu.mx\/wp-content\/uploads\/2026\/03\/19526.-PE_Maquinas-electricas.pdf\" target=\"_blank\" rel=\"noreferrer noopener\">M\u00e1quinas el\u00e9ctricas<\/a><\/td><td><a href=\"https:\/\/fcfm.uas.edu.mx\/wp-content\/uploads\/2026\/03\/19632.-PE_Manufactura-avanzada.pdf\" target=\"_blank\" rel=\"noreferrer noopener\">Manufactura avanzada<\/a><\/td><td>An\u00e1lisis de vibraciones<\/td><td><\/td><\/tr><tr><td><a href=\"https:\/\/fcfm.uas.edu.mx\/wp-content\/uploads\/2024\/04\/Diseno_asistido_por_computadora_Formato_2023-1.pdf\">Dise\u00f1o asistido por computadora<\/a><\/td><td><a href=\"https:\/\/fcfm.uas.edu.mx\/wp-content\/uploads\/2024\/04\/Ing_Mecatronica_Probabilidad-y-estadistica_Formato-2023.pdf\">Probabilidad y estad\u00edstica<\/a><\/td><td><a href=\"https:\/\/fcfm.uas.edu.mx\/wp-content\/uploads\/2024\/06\/19315.-PE_Electricidad-y-magnetismo.pdf\" target=\"_blank\" rel=\"noreferrer noopener\">Electricidad y magnetismo<\/a><\/td><td><a href=\"https:\/\/fcfm.uas.edu.mx\/wp-content\/uploads\/2025\/05\/19421.-Ingenieria-Mecatronica_PE_Mecanica-de-materiales.pdf\" target=\"_blank\" rel=\"noreferrer noopener\">Mec\u00e1nica de materiales<\/a><\/td><td><a href=\"https:\/\/fcfm.uas.edu.mx\/wp-content\/uploads\/2026\/03\/19527.-PE_Diseno-de-elementos-mecanicos.pdf\" target=\"_blank\" rel=\"noreferrer noopener\">Dise\u00f1o de elementos mec\u00e1nicos<\/a><\/td><td><a href=\"https:\/\/fcfm.uas.edu.mx\/wp-content\/uploads\/2026\/03\/19633.-PE_Mantenimiento.pdf\" target=\"_blank\" rel=\"noreferrer noopener\">Mantenimiento<\/a><\/td><td>Instrumentaci\u00f3n<\/td><td><\/td><\/tr><tr><td><a href=\"https:\/\/fcfm.uas.edu.mx\/wp-content\/uploads\/2024\/04\/Mediciones_Eletricas_Formato_de_Programa_de_Estudio_2023.pdf\">Mediciones el\u00e9ctricas<\/a><\/td><td><a href=\"https:\/\/fcfm.uas.edu.mx\/wp-content\/uploads\/2024\/04\/Ing_Mecatronica_Estatica_Formato-2023.pdf\">Est\u00e1tica<\/a><\/td><td><a href=\"https:\/\/fcfm.uas.edu.mx\/wp-content\/uploads\/2024\/06\/19316.-PE_Dinamica.pdf\" target=\"_blank\" rel=\"noreferrer noopener\">Din\u00e1mica<\/a><\/td><td><a href=\"https:\/\/fcfm.uas.edu.mx\/wp-content\/uploads\/2025\/05\/19422.-Ingenieria-Mecatronica_PE_Dinamica-de-sistemas.pdf\" target=\"_blank\" rel=\"noreferrer noopener\">Din\u00e1mica de sistemas<\/a><\/td><td><a href=\"https:\/\/fcfm.uas.edu.mx\/wp-content\/uploads\/2026\/03\/19528.-PE_Control.pdf\" target=\"_blank\" rel=\"noreferrer noopener\">Control<\/a><\/td><td><a href=\"https:\/\/fcfm.uas.edu.mx\/wp-content\/uploads\/2026\/03\/19634.-PE_Electronica-de-potencia.pdf\" target=\"_blank\" rel=\"noreferrer noopener\">Electr\u00f3nica de potencia<\/a><\/td><td>Automatizaci\u00f3n<\/td><td><\/td><\/tr><tr><td><a href=\"https:\/\/fcfm.uas.edu.mx\/wp-content\/uploads\/2024\/04\/Lenguaje-de-programacion-Formato-2023.pdf\">Lenguaje de programaci\u00f3n<\/a><\/td><td><a href=\"https:\/\/fcfm.uas.edu.mx\/wp-content\/uploads\/2024\/04\/Ing_Mecatronica_Programacion-orientada-a-objetos_Formato-2023.pdf\">Programaci\u00f3n orientada a objetos<\/a><\/td><td><a href=\"https:\/\/fcfm.uas.edu.mx\/wp-content\/uploads\/2024\/06\/19317.-PE_Ciencia-e-ingenieria-de-los-materiales.pdf\" target=\"_blank\" rel=\"noreferrer noopener\">Ciencia e ingenier\u00eda de los materiales<\/a><\/td><td><a href=\"https:\/\/fcfm.uas.edu.mx\/wp-content\/uploads\/2025\/05\/19423.-Ingenieria-Mecatronica_PE_Electronica-analogica.pdf\" target=\"_blank\" rel=\"noreferrer noopener\">Electr\u00f3nica anal\u00f3gica<\/a><\/td><td><a href=\"https:\/\/fcfm.uas.edu.mx\/wp-content\/uploads\/2026\/03\/19529.-PE_Metodologia-de-la-investigacion.pdf\" target=\"_blank\" rel=\"noreferrer noopener\">Metodolog\u00eda de la investigaci\u00f3n<\/a><\/td><td><a href=\"https:\/\/fcfm.uas.edu.mx\/wp-content\/uploads\/2026\/03\/19635.-PE_Procesamiento-digital-de-senales.pdf\" target=\"_blank\" rel=\"noreferrer noopener\">Procesamiento digital de se\u00f1ales<\/a><\/td><td>Administraci\u00f3n de proyectos<\/td><td><\/td><\/tr><tr><td><a href=\"https:\/\/fcfm.uas.edu.mx\/wp-content\/uploads\/2024\/04\/Introduccion-a-la-mecatronica_Formato-PE-2023.pdf\">Introducci\u00f3n a la mecatr\u00f3nica<\/a><\/td><td><a href=\"https:\/\/fcfm.uas.edu.mx\/wp-content\/uploads\/2024\/04\/Ing_Mecatronica_Metrologia-y-normalizacion_Formato-2023.pdf\">Metrolog\u00eda y normalizaci\u00f3n<\/a><\/td><td><a href=\"https:\/\/fcfm.uas.edu.mx\/wp-content\/uploads\/2024\/06\/19318.-PE_Analisis-de-circuitos-electricos.pdf\" target=\"_blank\" rel=\"noreferrer noopener\">An\u00e1lisis de circuitos el\u00e9ctricos<\/a><\/td><td><a href=\"https:\/\/fcfm.uas.edu.mx\/wp-content\/uploads\/2025\/05\/19424.-Ingenieria-Mecatronica_PE_Electronica-digital.pdf\" target=\"_blank\" rel=\"noreferrer noopener\">Electr\u00f3nica digital<\/a><\/td><td>Microcontroladores<\/td><td>T\u00f3picos especiales de mecatr\u00f3nica<\/td><td>T\u00f3picos avanzados de mecatr\u00f3nica<\/td><td><\/td><\/tr><\/tbody><\/table><\/figure>\n","protected":false},"excerpt":{"rendered":"<p>Descargar tr\u00edptico Misi\u00f3n Formar profesionales de la mecatr\u00f3nica, que impulsen el desarrollo tecnol\u00f3gico en su \u00e1mbito de competencia, y coadyuven [&hellip;]<\/p>\n","protected":false},"author":1,"featured_media":0,"parent":0,"menu_order":0,"comment_status":"closed","ping_status":"closed","template":"","meta":{"footnotes":""},"class_list":["post-385","page","type-page","status-publish","hentry"],"_links":{"self":[{"href":"https:\/\/fcfm.uas.edu.mx\/index.php\/wp-json\/wp\/v2\/pages\/385","targetHints":{"allow":["GET"]}}],"collection":[{"href":"https:\/\/fcfm.uas.edu.mx\/index.php\/wp-json\/wp\/v2\/pages"}],"about":[{"href":"https:\/\/fcfm.uas.edu.mx\/index.php\/wp-json\/wp\/v2\/types\/page"}],"author":[{"embeddable":true,"href":"https:\/\/fcfm.uas.edu.mx\/index.php\/wp-json\/wp\/v2\/users\/1"}],"replies":[{"embeddable":true,"href":"https:\/\/fcfm.uas.edu.mx\/index.php\/wp-json\/wp\/v2\/comments?post=385"}],"version-history":[{"count":3,"href":"https:\/\/fcfm.uas.edu.mx\/index.php\/wp-json\/wp\/v2\/pages\/385\/revisions"}],"predecessor-version":[{"id":2153,"href":"https:\/\/fcfm.uas.edu.mx\/index.php\/wp-json\/wp\/v2\/pages\/385\/revisions\/2153"}],"wp:attachment":[{"href":"https:\/\/fcfm.uas.edu.mx\/index.php\/wp-json\/wp\/v2\/media?parent=385"}],"curies":[{"name":"wp","href":"https:\/\/api.w.org\/{rel}","templated":true}]}}